{"id":86080,"date":"2024-12-04T21:56:18","date_gmt":"2024-12-05T00:56:18","guid":{"rendered":"https:\/\/bodegaoutdoor.cl\/store\/product\/silla-plegable-de-aleacion-de-aluminio-para-acampar-al-aire-libre-sillon-turistico-portatil-de-grano-de-madera-equipo-de-playa-1-piezas\/"},"modified":"2024-12-04T22:58:39","modified_gmt":"2024-12-05T01:58:39","slug":"silla-plegable-de-aleacion-de-aluminio-para-acampar-al-aire-libre-sillon-turistico-portatil-de-grano-de-madera-equipo-de-playa-1-piezas","status":"publish","type":"product","link":"https:\/\/bodegaoutdoor.cl\/store\/product\/silla-plegable-de-aleacion-de-aluminio-para-acampar-al-aire-libre-sillon-turistico-portatil-de-grano-de-madera-equipo-de-playa-1-piezas\/","title":{"rendered":"Silla plegable de aluminio para acampar"},"content":{"rendered":"<div>\n<div>\n<p><img decoding=\"async\" title=\"Silla plegable de aleaci\u00f3n de aluminio para acampar al aire libre, sill\u00f3n tur\u00edstico port\u00e1til de grano de madera, equipo de playa, 1 piezas\" src=\"https:\/\/bodegaoutdoor.cl\/store\/wp-content\/uploads\/2024\/12\/86080-h23vuv.jpg\" alt=\"Silla plegable de aleaci\u00f3n de aluminio para acampar al aire libre, sill\u00f3n tur\u00edstico port\u00e1til de grano de madera, equipo de playa, 1 piezas\" data-src=\"https:\/\/bodegaoutdoor.cl\/store\/wp-content\/uploads\/2024\/12\/86080-h23vuv.jpg\" \/><img decoding=\"async\" title=\"Silla plegable de aleaci\u00f3n de aluminio para acampar al aire libre, sill\u00f3n tur\u00edstico port\u00e1til de grano de madera, equipo de playa, 1 piezas\" src=\"https:\/\/bodegaoutdoor.cl\/store\/wp-content\/uploads\/2024\/12\/86080-6l37to.jpg\" alt=\"Silla plegable de aleaci\u00f3n de aluminio para acampar al aire libre, sill\u00f3n tur\u00edstico port\u00e1til de grano de madera, equipo de playa, 1 piezas\" data-src=\"https:\/\/bodegaoutdoor.cl\/store\/wp-content\/uploads\/2024\/12\/86080-6l37to.jpg\" \/><img decoding=\"async\" title=\"Silla plegable de aleaci\u00f3n de aluminio para acampar al aire libre, sill\u00f3n tur\u00edstico port\u00e1til de grano de madera, equipo de playa, 1 piezas\" src=\"https:\/\/bodegaoutdoor.cl\/store\/wp-content\/uploads\/2024\/12\/86080-7qsrl7.jpg\" alt=\"Silla plegable de aleaci\u00f3n de aluminio para acampar al aire libre, sill\u00f3n tur\u00edstico port\u00e1til de grano de madera, equipo de playa, 1 piezas\" data-src=\"https:\/\/bodegaoutdoor.cl\/store\/wp-content\/uploads\/2024\/12\/86080-7qsrl7.jpg\" \/><img decoding=\"async\" title=\"Silla plegable de aleaci\u00f3n de aluminio para acampar al aire libre, sill\u00f3n tur\u00edstico port\u00e1til de grano de madera, equipo de playa, 1 piezas\" src=\"https:\/\/bodegaoutdoor.cl\/store\/wp-content\/uploads\/2024\/12\/86080-eq62pb.jpg\" alt=\"Silla plegable de aleaci\u00f3n de aluminio para acampar al aire libre, sill\u00f3n tur\u00edstico port\u00e1til de grano de madera, equipo de playa, 1 piezas\" data-src=\"https:\/\/bodegaoutdoor.cl\/store\/wp-content\/uploads\/2024\/12\/86080-eq62pb.jpg\" \/><img decoding=\"async\" title=\"Silla plegable de aleaci\u00f3n de aluminio para acampar al aire libre, sill\u00f3n tur\u00edstico port\u00e1til de grano de madera, equipo de playa, 1 piezas\" src=\"https:\/\/bodegaoutdoor.cl\/store\/wp-content\/uploads\/2024\/12\/86080-cj9z9z.jpg\" alt=\"Silla plegable de aleaci\u00f3n de aluminio para acampar al aire libre, sill\u00f3n tur\u00edstico port\u00e1til de grano de madera, equipo de playa, 1 piezas\" data-src=\"https:\/\/bodegaoutdoor.cl\/store\/wp-content\/uploads\/2024\/12\/86080-cj9z9z.jpg\" \/><img decoding=\"async\" title=\"Silla plegable de aleaci\u00f3n de aluminio para acampar al aire libre, sill\u00f3n tur\u00edstico port\u00e1til de grano de madera, equipo de playa, 1 piezas\" src=\"https:\/\/bodegaoutdoor.cl\/store\/wp-content\/uploads\/2024\/12\/86080-bhafhj.jpg\" alt=\"Silla plegable de aleaci\u00f3n de aluminio para acampar al aire libre, sill\u00f3n tur\u00edstico port\u00e1til de grano de madera, equipo de playa, 1 piezas\" data-src=\"https:\/\/bodegaoutdoor.cl\/store\/wp-content\/uploads\/2024\/12\/86080-bhafhj.jpg\" \/><img decoding=\"async\" title=\"Silla plegable de aleaci\u00f3n de aluminio para acampar al aire libre, sill\u00f3n tur\u00edstico port\u00e1til de grano de madera, equipo de playa, 1 piezas\" src=\"https:\/\/bodegaoutdoor.cl\/store\/wp-content\/uploads\/2024\/12\/86080-ffz3ds.jpg\" alt=\"Silla plegable de aleaci\u00f3n de aluminio para acampar al aire libre, sill\u00f3n tur\u00edstico port\u00e1til de grano de madera, equipo de playa, 1 piezas\" data-src=\"https:\/\/bodegaoutdoor.cl\/store\/wp-content\/uploads\/2024\/12\/86080-ffz3ds.jpg\" \/><img decoding=\"async\" title=\"Silla plegable de aleaci\u00f3n de aluminio para acampar al aire libre, sill\u00f3n tur\u00edstico port\u00e1til de grano de madera, equipo de playa, 1 piezas\" src=\"https:\/\/bodegaoutdoor.cl\/store\/wp-content\/uploads\/2024\/12\/86080-z5dkws.jpg\" alt=\"Silla plegable de aleaci\u00f3n de aluminio para acampar al aire libre, sill\u00f3n tur\u00edstico port\u00e1til de grano de madera, equipo de playa, 1 piezas\" data-src=\"https:\/\/bodegaoutdoor.cl\/store\/wp-content\/uploads\/2024\/12\/86080-z5dkws.jpg\" \/><img decoding=\"async\" title=\"Silla plegable de aleaci\u00f3n de aluminio para acampar al aire libre, sill\u00f3n tur\u00edstico port\u00e1til de grano de madera, equipo de playa, 1 piezas\" src=\"https:\/\/bodegaoutdoor.cl\/store\/wp-content\/uploads\/2024\/12\/86080-bhx2fu.jpg\" alt=\"Silla plegable de aleaci\u00f3n de aluminio para acampar al aire libre, sill\u00f3n tur\u00edstico port\u00e1til de grano de madera, equipo de playa, 1 piezas\" data-src=\"https:\/\/bodegaoutdoor.cl\/store\/wp-content\/uploads\/2024\/12\/86080-bhx2fu.jpg\" \/><img decoding=\"async\" title=\"Silla plegable de aleaci\u00f3n de aluminio para acampar al aire libre, sill\u00f3n tur\u00edstico port\u00e1til de grano de madera, equipo de playa, 1 piezas\" src=\"https:\/\/bodegaoutdoor.cl\/store\/wp-content\/uploads\/2024\/12\/86080-8lvyrl.jpg\" alt=\"Silla plegable de aleaci\u00f3n de aluminio para acampar al aire libre, sill\u00f3n tur\u00edstico port\u00e1til de grano de madera, equipo de playa, 1 piezas\" data-src=\"https:\/\/bodegaoutdoor.cl\/store\/wp-content\/uploads\/2024\/12\/86080-8lvyrl.jpg\" \/><\/p>\n<\/div>\n<\/div>\n\n    <div class=\"xs_social_share_widget xs_share_url after_content \t\tmain_content  wslu-style-1 wslu-share-box-shaped wslu-fill-colored wslu-none wslu-share-horizontal wslu-theme-font-no wslu-main_content\">\n\n\t\t\n        <ul>\n\t\t\t        <\/ul>\n    <\/div> \n","protected":false},"excerpt":{"rendered":"","protected":false},"featured_media":86085,"comment_status":"open","ping_status":"closed","template":"","meta":{"jetpack_publicize_message":"","jetpack_publicize_feature_enabled":true,"jetpack_social_post_already_shared":true,"jetpack_social_options":{"image_generator_settings":{"template":"highway","enabled":false},"version":2}},"product_brand":[],"product_cat":[2814],"product_tag":[],"class_list":{"0":"post-86080","1":"product","2":"type-product","3":"status-publish","4":"has-post-thumbnail","6":"product_cat-camping","8":"first","9":"instock","10":"sale","11":"taxable","12":"shipping-taxable","13":"purchasable","14":"product-type-variable"},"jetpack_publicize_connections":[],"jetpack_sharing_enabled":true,"_links":{"self":[{"href":"https:\/\/bodegaoutdoor.cl\/store\/wp-json\/wp\/v2\/product\/86080","targetHints":{"allow":["GET"]}}],"collection":[{"href":"https:\/\/bodegaoutdoor.cl\/store\/wp-json\/wp\/v2\/product"}],"about":[{"href":"https:\/\/bodegaoutdoor.cl\/store\/wp-json\/wp\/v2\/types\/product"}],"replies":[{"embeddable":true,"href":"https:\/\/bodegaoutdoor.cl\/store\/wp-json\/wp\/v2\/comments?post=86080"}],"version-history":[{"count":13,"href":"https:\/\/bodegaoutdoor.cl\/store\/wp-json\/wp\/v2\/product\/86080\/revisions"}],"predecessor-version":[{"id":86114,"href":"https:\/\/bodegaoutdoor.cl\/store\/wp-json\/wp\/v2\/product\/86080\/revisions\/86114"}],"wp:featuredmedia":[{"embeddable":true,"href":"https:\/\/bodegaoutdoor.cl\/store\/wp-json\/wp\/v2\/media\/86085"}],"wp:attachment":[{"href":"https:\/\/bodegaoutdoor.cl\/store\/wp-json\/wp\/v2\/media?parent=86080"}],"wp:term":[{"taxonomy":"product_brand","embeddable":true,"href":"https:\/\/bodegaoutdoor.cl\/store\/wp-json\/wp\/v2\/product_brand?post=86080"},{"taxonomy":"product_cat","embeddable":true,"href":"https:\/\/bodegaoutdoor.cl\/store\/wp-json\/wp\/v2\/product_cat?post=86080"},{"taxonomy":"product_tag","embeddable":true,"href":"https:\/\/bodegaoutdoor.cl\/store\/wp-json\/wp\/v2\/product_tag?post=86080"}],"curies":[{"name":"wp","href":"https:\/\/api.w.org\/{rel}","templated":true}]}}