{"id":86349,"date":"2025-02-13T09:55:51","date_gmt":"2025-02-13T12:55:51","guid":{"rendered":"https:\/\/bodegaoutdoor.cl\/store\/product\/edc-medical-bag-molle-tactical-pouch-first-aid-kits-outdoor-car-emergency-camping-hiking-survival-emt-utility-pack-hunting\/"},"modified":"2025-02-13T10:26:46","modified_gmt":"2025-02-13T13:26:46","slug":"botiquin-emergencia-elementos-medico-sos-molle-pouch","status":"publish","type":"product","link":"https:\/\/bodegaoutdoor.cl\/store\/product\/botiquin-emergencia-elementos-medico-sos-molle-pouch\/","title":{"rendered":"Botiquin Emergencia elementos Medico SOS Molle Pouch"},"content":{"rendered":"<div>\n<div>\n<div>\n<div style=\"overflow: hidden; height: 0px;\">modname=ckeditor<\/div>\n<div>\n<p><span style=\"font-size: 14px;\"><strong><span style=\"font-size: 18px;\">Item : Tactical Medical Bag<\/span><\/strong><\/span><\/p>\n<p><strong><span style=\"font-size: 14px;\"><span style=\"font-size: 18px;\">Color :<\/span><\/span><\/strong><\/p>\n<p><span style=\"font-size: 14px;\"><strong><span style=\"font-size: 18px;\">Negro \/Verde \/Khaki\/ACU\/CP<\/span><\/strong><\/span><\/p>\n<div>\n<p>Molle dise\u00f1ado para acoplarse a otros sistemas Molle, como chalecos t\u00e1cticos, cinturones, bolsos grandes y otros equipos. Dise\u00f1o en la parte delantera, puedes ponerle parches.<\/p>\n<p>Con un tama\u00f1o peque\u00f1o de 16 x 16 x 8 cm, es f\u00e1cil de transportar.<\/p>\n<\/div>\n<div><\/div>\n<div><img decoding=\"async\" src=\"\/\/ae01.alicdn.com\/kf\/Sc23ef3ee1fb84744b9465b6c1ef54895B.jpg\" \/><\/div>\n<p><img decoding=\"async\" style=\"width: 800px; height: 800px;\" src=\"\/\/ae01.alicdn.com\/kf\/Safecc793ed5e4b719eb2e6ce3300ada7g.jpg\" width=\"800px\" height=\"800px\" \/><\/p>\n<p><img fetchpriority=\"high\" decoding=\"async\" src=\"\/\/ae01.alicdn.com\/kf\/S108b3c08da4e4d6f84e29c50b1134119q.jpg\" width=\"800\" height=\"800\" \/><img decoding=\"async\" src=\"\/\/ae01.alicdn.com\/kf\/Sad019e2c07274d38a7c1cf05fc3e4f69F.jpg\" width=\"800\" height=\"800\" \/><img decoding=\"async\" src=\"\/\/ae01.alicdn.com\/kf\/S84c9d0a6576e4410a93a1fc0836ee55es.jpg\" width=\"800\" height=\"800\" \/><img loading=\"lazy\" decoding=\"async\" src=\"\/\/ae01.alicdn.com\/kf\/Sa1dfdb6a926d49b4bbfbca94ffa12e0fs.jpg\" width=\"800\" height=\"800\" \/><img loading=\"lazy\" decoding=\"async\" src=\"\/\/ae01.alicdn.com\/kf\/S175e931c27fa40be8e0a416bd017f417a.jpg\" width=\"800\" height=\"800\" \/><img loading=\"lazy\" decoding=\"async\" src=\"\/\/ae01.alicdn.com\/kf\/S3e60738f3ac045df8faf35053bcaf14aK.jpg\" width=\"800\" height=\"800\" \/><img loading=\"lazy\" decoding=\"async\" src=\"\/\/ae01.alicdn.com\/kf\/Sc206e1202b1c4dfbbf3fd8202a3af3d4g.jpg\" width=\"800\" height=\"800\" \/><img loading=\"lazy\" decoding=\"async\" src=\"\/\/ae01.alicdn.com\/kf\/S21889244820c4f6e84e552ae8eab8b3aW.jpg\" width=\"800\" height=\"800\" \/><img loading=\"lazy\" decoding=\"async\" src=\"\/\/ae01.alicdn.com\/kf\/Sbfc1c46df5ab4e328dd236ef80433be6r.jpg\" width=\"800\" height=\"800\" \/><\/p>\n<div><\/div>\n<\/div>\n<\/div>\n<\/div>\n<\/div>\n<p>&nbsp;<\/p>\n\n    <div class=\"xs_social_share_widget xs_share_url after_content \t\tmain_content  wslu-style-1 wslu-share-box-shaped wslu-fill-colored wslu-none wslu-share-horizontal wslu-theme-font-no wslu-main_content\">\n\n\t\t\n        <ul>\n\t\t\t        <\/ul>\n    <\/div> \n","protected":false},"excerpt":{"rendered":"<p>modname=ckeditor Item : Tactical Medical Bag Color : Negro \/Verde \/Khaki\/ACU\/CP Molle dise\u00f1ado para acoplarse a otros sistemas Molle, como chalecos t\u00e1cticos, cinturones, bolsos grandes y otros equipos. Dise\u00f1o en la parte delantera, puedes ponerle parches. Con un tama\u00f1o peque\u00f1o de 16 x 16 x 8 cm, es f\u00e1cil de transportar. &nbsp;<\/p>\n","protected":false},"featured_media":86355,"comment_status":"open","ping_status":"closed","template":"","meta":{"jetpack_publicize_message":"","jetpack_publicize_feature_enabled":true,"jetpack_social_post_already_shared":true,"jetpack_social_options":{"image_generator_settings":{"template":"highway","enabled":false},"version":2}},"product_brand":[],"product_cat":[777],"product_tag":[],"class_list":{"0":"post-86349","1":"product","2":"type-product","3":"status-publish","4":"has-post-thumbnail","6":"product_cat-sos-kits","8":"first","9":"instock","10":"sale","11":"taxable","12":"shipping-taxable","13":"purchasable","14":"product-type-variable"},"jetpack_publicize_connections":[],"jetpack_sharing_enabled":true,"_links":{"self":[{"href":"https:\/\/bodegaoutdoor.cl\/store\/wp-json\/wp\/v2\/product\/86349","targetHints":{"allow":["GET"]}}],"collection":[{"href":"https:\/\/bodegaoutdoor.cl\/store\/wp-json\/wp\/v2\/product"}],"about":[{"href":"https:\/\/bodegaoutdoor.cl\/store\/wp-json\/wp\/v2\/types\/product"}],"replies":[{"embeddable":true,"href":"https:\/\/bodegaoutdoor.cl\/store\/wp-json\/wp\/v2\/comments?post=86349"}],"version-history":[{"count":24,"href":"https:\/\/bodegaoutdoor.cl\/store\/wp-json\/wp\/v2\/product\/86349\/revisions"}],"predecessor-version":[{"id":86417,"href":"https:\/\/bodegaoutdoor.cl\/store\/wp-json\/wp\/v2\/product\/86349\/revisions\/86417"}],"wp:featuredmedia":[{"embeddable":true,"href":"https:\/\/bodegaoutdoor.cl\/store\/wp-json\/wp\/v2\/media\/86355"}],"wp:attachment":[{"href":"https:\/\/bodegaoutdoor.cl\/store\/wp-json\/wp\/v2\/media?parent=86349"}],"wp:term":[{"taxonomy":"product_brand","embeddable":true,"href":"https:\/\/bodegaoutdoor.cl\/store\/wp-json\/wp\/v2\/product_brand?post=86349"},{"taxonomy":"product_cat","embeddable":true,"href":"https:\/\/bodegaoutdoor.cl\/store\/wp-json\/wp\/v2\/product_cat?post=86349"},{"taxonomy":"product_tag","embeddable":true,"href":"https:\/\/bodegaoutdoor.cl\/store\/wp-json\/wp\/v2\/product_tag?post=86349"}],"curies":[{"name":"wp","href":"https:\/\/api.w.org\/{rel}","templated":true}]}}