{"id":86418,"date":"2025-02-13T13:09:59","date_gmt":"2025-02-13T16:09:59","guid":{"rendered":"https:\/\/bodegaoutdoor.cl\/store\/product\/travel-bucket-toilet-seat-portable-folding-toilet-with-lid-emergency-toilet-car-folding-toilets-camping-toilet\/"},"modified":"2025-06-04T23:01:51","modified_gmt":"2025-06-05T03:01:51","slug":"travel-bucket-toilet-seat-portable-folding-toilet-with-lid-emergency-toilet-car-folding-toilets-camping-toilet","status":"publish","type":"product","link":"https:\/\/bodegaoutdoor.cl\/store\/product\/travel-bucket-toilet-seat-portable-folding-toilet-with-lid-emergency-toilet-car-folding-toilets-camping-toilet\/","title":{"rendered":"Ba\u00f1o Quimico Portatil Ba\u00f1o Camping Wc Ba\u00f1o Plegable +20bolsa"},"content":{"rendered":"<div>\n<div>\n<div>\n<p>Caracter\u00edsticas:<\/p>\n<p>1. Se puede configurar y doblar f\u00e1cilmente en segundos para su uso.<br \/>\n2. Materiales de calidad hechos, ligeros pero lo suficientemente resistentes como para soportar a un adulto de est\u00e1ndar o de m\u00e1s peso.<br \/>\n3. Multifuncional. No solo puede ser un ba\u00f1o, tambi\u00e9n puede ser un taburete, una caja de almacenamiento o un cubo de basura.<br \/>\n4. El asiento puede ser completamente cubierto por una bolsa de ba\u00f1o, para que no tenga que limpiar Ning\u00fan desorden despu\u00e9s de su uso. Solo una bolsa de repuesto para inodoro soluciona perfectamente sus problemas.<\/p>\n<p>incluye 20 bolsas biodegradables<\/p>\n<\/div>\n<p><img decoding=\"async\" src=\"https:\/\/http2.mlstatic.com\/D_NQ_NP_2X_675760-MLC79338979198_092024-F-bano-quimico-portatil-bano-camping-wc-bano-plegable-20bolsa.webp\" alt=\"Ba\u00f1o Quimico Portatil Ba\u00f1o Camping Wc Ba\u00f1o Plegable +20bolsa\" \/><\/p>\n<p><img decoding=\"async\" src=\"https:\/\/http2.mlstatic.com\/D_NQ_NP_2X_777092-MLC79339058900_092024-F-bano-quimico-portatil-bano-camping-wc-bano-plegable-20bolsa.webp\" alt=\"Ba\u00f1o Quimico Portatil Ba\u00f1o Camping Wc Ba\u00f1o Plegable +20bolsa\" \/><img decoding=\"async\" src=\"https:\/\/http2.mlstatic.com\/D_NQ_NP_2X_736621-MLC79583185173_092024-F-bano-quimico-portatil-bano-camping-wc-bano-plegable-20bolsa.webp\" alt=\"Ba\u00f1o Quimico Portatil Ba\u00f1o Camping Wc Ba\u00f1o Plegable +20bolsa\" \/><\/p>\n<\/div>\n<\/div>\n\n    <div class=\"xs_social_share_widget xs_share_url after_content \t\tmain_content  wslu-style-1 wslu-share-box-shaped wslu-fill-colored wslu-none wslu-share-horizontal wslu-theme-font-no wslu-main_content\">\n\n\t\t\n        <ul>\n\t\t\t        <\/ul>\n    <\/div> \n","protected":false},"excerpt":{"rendered":"<p>Caracter\u00edsticas: 1. Se puede configurar y doblar f\u00e1cilmente en segundos para su uso. 2. Materiales de calidad hechos, ligeros pero lo suficientemente resistentes como para soportar a un adulto de est\u00e1ndar o de m\u00e1s peso. 3. Multifuncional. No solo puede ser un ba\u00f1o, tambi\u00e9n puede ser un taburete, una caja de almacenamiento o un cubo [&hellip;]<\/p>\n","protected":false},"featured_media":86421,"comment_status":"open","ping_status":"closed","template":"","meta":{"jetpack_publicize_message":"","jetpack_publicize_feature_enabled":true,"jetpack_social_post_already_shared":true,"jetpack_social_options":{"image_generator_settings":{"template":"highway","enabled":false},"version":2}},"product_brand":[],"product_cat":[2814],"product_tag":[],"class_list":{"0":"post-86418","1":"product","2":"type-product","3":"status-publish","4":"has-post-thumbnail","6":"product_cat-camping","8":"first","9":"instock","10":"sale","11":"taxable","12":"shipping-taxable","13":"purchasable","14":"product-type-variable"},"jetpack_publicize_connections":[],"jetpack_sharing_enabled":true,"_links":{"self":[{"href":"https:\/\/bodegaoutdoor.cl\/store\/wp-json\/wp\/v2\/product\/86418","targetHints":{"allow":["GET"]}}],"collection":[{"href":"https:\/\/bodegaoutdoor.cl\/store\/wp-json\/wp\/v2\/product"}],"about":[{"href":"https:\/\/bodegaoutdoor.cl\/store\/wp-json\/wp\/v2\/types\/product"}],"replies":[{"embeddable":true,"href":"https:\/\/bodegaoutdoor.cl\/store\/wp-json\/wp\/v2\/comments?post=86418"}],"version-history":[{"count":19,"href":"https:\/\/bodegaoutdoor.cl\/store\/wp-json\/wp\/v2\/product\/86418\/revisions"}],"predecessor-version":[{"id":86463,"href":"https:\/\/bodegaoutdoor.cl\/store\/wp-json\/wp\/v2\/product\/86418\/revisions\/86463"}],"wp:featuredmedia":[{"embeddable":true,"href":"https:\/\/bodegaoutdoor.cl\/store\/wp-json\/wp\/v2\/media\/86421"}],"wp:attachment":[{"href":"https:\/\/bodegaoutdoor.cl\/store\/wp-json\/wp\/v2\/media?parent=86418"}],"wp:term":[{"taxonomy":"product_brand","embeddable":true,"href":"https:\/\/bodegaoutdoor.cl\/store\/wp-json\/wp\/v2\/product_brand?post=86418"},{"taxonomy":"product_cat","embeddable":true,"href":"https:\/\/bodegaoutdoor.cl\/store\/wp-json\/wp\/v2\/product_cat?post=86418"},{"taxonomy":"product_tag","embeddable":true,"href":"https:\/\/bodegaoutdoor.cl\/store\/wp-json\/wp\/v2\/product_tag?post=86418"}],"curies":[{"name":"wp","href":"https:\/\/api.w.org\/{rel}","templated":true}]}}