{"id":86694,"date":"2025-02-21T14:26:03","date_gmt":"2025-02-21T17:26:03","guid":{"rendered":"https:\/\/bodegaoutdoor.cl\/store\/product\/outdoor-folding-tables-folding-camping-table-aluminum-alloy-barbecue-table-chicken-roll-table-tourist-picnic-tables-%eb%a1%a4%ed%85%8c%ec%9d%b4%eb%b8%94%ed%85%8c%ec%9d%b4%eb%b8%94-%ec%ba%a0%ed%95%91\/"},"modified":"2025-02-21T15:12:48","modified_gmt":"2025-02-21T18:12:48","slug":"mesa-plegable-camping-jardin-picnic","status":"publish","type":"product","link":"https:\/\/bodegaoutdoor.cl\/store\/product\/mesa-plegable-camping-jardin-picnic\/","title":{"rendered":"Mesa Plegable camping jardin picnic"},"content":{"rendered":"<div>\n<p><span style=\"font-size: 16px;\"><strong>Especificaciones<\/strong><\/span><\/p>\n<p>Material: Aluminio<\/p>\n<p>Color: Negro Khaki<\/p>\n<p>Tama\u00f1os :<\/p>\n<p>53x51x50cm<\/p>\n<p>95x56x50cm<\/p>\n<p>120x55x50cm<\/p>\n<p>Uso: \u00a0Outdoor camping, outdoor picnics, Actividades outdoor<\/p>\n<div>Material de alta calidad<br \/>\nLa mesa de picnic plegable est\u00e1 hecha de aleaci\u00f3n de aluminio de alta calidad, que es resistente al desgaste, a prueba de \u00f3xido, impermeable y resistente a los ara\u00f1azos, y se puede mantener durante mucho tiempo para el uso diario, llueva o truene. El tablero de la mesa est\u00e1 pulido para evitar ara\u00f1azos y manchas, y el tablero de la mesa tiene una capa protectora que facilita la limpieza de diversas manchas de aceite.Amplio tablero<br \/>\nLa mesa de picnic plegable tiene un tablero de 53*51*50cm, que se utiliza para colocar comida, frutas y bebidas, etc. Proporciona suficiente espacio para sentarse de 4 a 6 personas, as\u00ed que disfrute acampando con su familia y amigos alrededor de la mesa.Estructura robusta<br \/>\nLa mesa de comedor plegable est\u00e1 soportada por soportes en forma de X, por lo que la base de la mesa es m\u00e1s estable y resistente, con una fuerte capacidad de carga de hasta 60 kg. Y los tubos met\u00e1licos de la mesa est\u00e1n recubiertos de antioxidante, lo que aumenta la vida \u00fatil de la mesa. Combinada con los pies de goma antideslizantes, es estable en la mayor\u00eda de los terrenos.<\/p>\n<p>Dise\u00f1o sencillo y port\u00e1til<br \/>\nLa mesa de camping es ligera y compacta, por lo que puede llevarla a cualquier parte. Se pliega para guardarla y se puede colocar f\u00e1cilmente en el coche, la caravana, la autocaravana o en cualquier rinc\u00f3n de la casa sin ocupar espacio.<\/p>\n<p>Montaje r\u00e1pido<br \/>\nSe monta y desmonta r\u00e1pida y f\u00e1cilmente, sin necesidad de herramientas. El dise\u00f1o de encaje a presi\u00f3n hace que abrir y plegar esta mesa cuadrada de camping s\u00f3lo lleve unos segundos.<\/p>\n<p>Mesa plegable multiusos<br \/>\nLa mesa de picnic plegable se puede utilizar como mesa de comedor al aire libre, mesa de barbacoa, mesa para ordenador port\u00e1til, mesa de juegos, etc. Es ideal para camping, picnics, barbacoas, pesca, jardines de patio trasero, viajes de RV, playas y fiestas al aire libre. Tambi\u00e9n se puede utilizar para la vida cotidiana en interiores, lo que le permite aprovechar al m\u00e1ximo su espacio limitado.<\/p>\n<\/div>\n<div><\/div>\n<div>\n<p><img decoding=\"async\" title=\"Outdoor Folding Tables Folding Camping Table Aluminum Alloy Barbecue Table Chicken Roll Table Tourist Picnic Tables \ub864\ud14c\uc774\ube14\ud14c\uc774\ube14 \ucea0\ud551\uc6a9\" src=\"https:\/\/bodegaoutdoor.cl\/store\/wp-content\/uploads\/2025\/02\/86694-twnkqs.jpg\" alt=\"Outdoor Folding Tables Folding Camping Table Aluminum Alloy Barbecue Table Chicken Roll Table Tourist Picnic Tables \ub864\ud14c\uc774\ube14\ud14c\uc774\ube14 \ucea0\ud551\uc6a9\" \/><\/p>\n<div><\/div>\n<div>\n<div>\n<p><img decoding=\"async\" title=\"Outdoor Folding Tables Folding Camping Table Aluminum Alloy Barbecue Table Chicken Roll Table Tourist Picnic Tables \ub864\ud14c\uc774\ube14\ud14c\uc774\ube14 \ucea0\ud551\uc6a9\" src=\"https:\/\/bodegaoutdoor.cl\/store\/wp-content\/uploads\/2025\/02\/86694-9scd93.jpg\" alt=\"Outdoor Folding Tables Folding Camping Table Aluminum Alloy Barbecue Table Chicken Roll Table Tourist Picnic Tables \ub864\ud14c\uc774\ube14\ud14c\uc774\ube14 \ucea0\ud551\uc6a9\" \/><\/p>\n<\/div>\n<\/div>\n<div>\n<p><img decoding=\"async\" title=\"Outdoor Folding Tables Folding Camping Table Aluminum Alloy Barbecue Table Chicken Roll Table Tourist Picnic Tables \ub864\ud14c\uc774\ube14\ud14c\uc774\ube14 \ucea0\ud551\uc6a9\" src=\"https:\/\/bodegaoutdoor.cl\/store\/wp-content\/uploads\/2025\/02\/86694-gtqpst.jpg\" alt=\"Outdoor Folding Tables Folding Camping Table Aluminum Alloy Barbecue Table Chicken Roll Table Tourist Picnic Tables \ub864\ud14c\uc774\ube14\ud14c\uc774\ube14 \ucea0\ud551\uc6a9\" \/><\/p>\n<div><\/div>\n<div>\n<div>\n<p><img decoding=\"async\" title=\"Outdoor Folding Tables Folding Camping Table Aluminum Alloy Barbecue Table Chicken Roll Table Tourist Picnic Tables \ub864\ud14c\uc774\ube14\ud14c\uc774\ube14 \ucea0\ud551\uc6a9\" src=\"https:\/\/bodegaoutdoor.cl\/store\/wp-content\/uploads\/2025\/02\/86694-vz1dua.jpg\" alt=\"Outdoor Folding Tables Folding Camping Table Aluminum Alloy Barbecue Table Chicken Roll Table Tourist Picnic Tables \ub864\ud14c\uc774\ube14\ud14c\uc774\ube14 \ucea0\ud551\uc6a9\" \/><\/p>\n<\/div>\n<\/div>\n<div><\/div>\n<div>\n<div>\n<p><img decoding=\"async\" title=\"Outdoor Folding Tables Folding Camping Table Aluminum Alloy Barbecue Table Chicken Roll Table Tourist Picnic Tables \ub864\ud14c\uc774\ube14\ud14c\uc774\ube14 \ucea0\ud551\uc6a9\" src=\"https:\/\/bodegaoutdoor.cl\/store\/wp-content\/uploads\/2025\/02\/86694-mf7eyh.jpg\" alt=\"Outdoor Folding Tables Folding Camping Table Aluminum Alloy Barbecue Table Chicken Roll Table Tourist Picnic Tables \ub864\ud14c\uc774\ube14\ud14c\uc774\ube14 \ucea0\ud551\uc6a9\" \/><\/p>\n<\/div>\n<\/div>\n<div><\/div>\n<div>\n<p>&nbsp;<\/p>\n<div><\/div>\n<div>\n<div>\n<p><img decoding=\"async\" title=\"Outdoor Folding Tables Folding Camping Table Aluminum Alloy Barbecue Table Chicken Roll Table Tourist Picnic Tables \ub864\ud14c\uc774\ube14\ud14c\uc774\ube14 \ucea0\ud551\uc6a9\" src=\"https:\/\/bodegaoutdoor.cl\/store\/wp-content\/uploads\/2025\/02\/86694-rs4wlp.jpg\" alt=\"Outdoor Folding Tables Folding Camping Table Aluminum Alloy Barbecue Table Chicken Roll Table Tourist Picnic Tables \ub864\ud14c\uc774\ube14\ud14c\uc774\ube14 \ucea0\ud551\uc6a9\" \/><\/p>\n<\/div>\n<\/div>\n<div><\/div>\n<div>\n<div>\n<p><img decoding=\"async\" title=\"Outdoor Folding Tables Folding Camping Table Aluminum Alloy Barbecue Table Chicken Roll Table Tourist Picnic Tables \ub864\ud14c\uc774\ube14\ud14c\uc774\ube14 \ucea0\ud551\uc6a9\" src=\"https:\/\/bodegaoutdoor.cl\/store\/wp-content\/uploads\/2025\/02\/86694-5syvtq.jpg\" alt=\"Outdoor Folding Tables Folding Camping Table Aluminum Alloy Barbecue Table Chicken Roll Table Tourist Picnic Tables \ub864\ud14c\uc774\ube14\ud14c\uc774\ube14 \ucea0\ud551\uc6a9\" \/><\/p>\n<div><\/div>\n<div>\n<div>\n<p><img decoding=\"async\" title=\"Outdoor Folding Tables Folding Camping Table Aluminum Alloy Barbecue Table Chicken Roll Table Tourist Picnic Tables \ub864\ud14c\uc774\ube14\ud14c\uc774\ube14 \ucea0\ud551\uc6a9\" src=\"https:\/\/bodegaoutdoor.cl\/store\/wp-content\/uploads\/2025\/02\/86694-hkza9l.jpg\" alt=\"Outdoor Folding Tables Folding Camping Table Aluminum Alloy Barbecue Table Chicken Roll Table Tourist Picnic Tables \ub864\ud14c\uc774\ube14\ud14c\uc774\ube14 \ucea0\ud551\uc6a9\" \/><\/p>\n<\/div>\n<\/div>\n<\/div>\n<\/div>\n<\/div>\n<\/div>\n<\/div>\n<p><img decoding=\"async\" title=\"Outdoor Folding Tables Folding Camping Table Aluminum Alloy Barbecue Table Chicken Roll Table Tourist Picnic Tables \ub864\ud14c\uc774\ube14\ud14c\uc774\ube14 \ucea0\ud551\uc6a9\" src=\"https:\/\/bodegaoutdoor.cl\/store\/wp-content\/uploads\/2025\/02\/86694-kb0add.jpg\" alt=\"Outdoor Folding Tables Folding Camping Table Aluminum Alloy Barbecue Table Chicken Roll Table Tourist Picnic Tables \ub864\ud14c\uc774\ube14\ud14c\uc774\ube14 \ucea0\ud551\uc6a9\" \/><img fetchpriority=\"high\" decoding=\"async\" title=\"Outdoor Folding Tables Folding Camping Table Aluminum Alloy Barbecue Table Chicken Roll Table Tourist Picnic Tables \ub864\ud14c\uc774\ube14\ud14c\uc774\ube14 \ucea0\ud551\uc6a9\" src=\"https:\/\/bodegaoutdoor.cl\/store\/wp-content\/uploads\/2025\/02\/86694-1lsnaf.jpg\" alt=\"Outdoor Folding Tables Folding Camping Table Aluminum Alloy Barbecue Table Chicken Roll Table Tourist Picnic Tables \ub864\ud14c\uc774\ube14\ud14c\uc774\ube14 \ucea0\ud551\uc6a9\" width=\"804\" height=\"804\" \/><img decoding=\"async\" title=\"Outdoor Folding Tables Folding Camping Table Aluminum Alloy Barbecue Table Chicken Roll Table Tourist Picnic Tables \ub864\ud14c\uc774\ube14\ud14c\uc774\ube14 \ucea0\ud551\uc6a9\" src=\"https:\/\/bodegaoutdoor.cl\/store\/wp-content\/uploads\/2025\/02\/86694-dkj73u.jpg\" alt=\"Outdoor Folding Tables Folding Camping Table Aluminum Alloy Barbecue Table Chicken Roll Table Tourist Picnic Tables \ub864\ud14c\uc774\ube14\ud14c\uc774\ube14 \ucea0\ud551\uc6a9\" width=\"804\" height=\"1072\" \/><img decoding=\"async\" title=\"Outdoor Folding Tables Folding Camping Table Aluminum Alloy Barbecue Table Chicken Roll Table Tourist Picnic Tables \ub864\ud14c\uc774\ube14\ud14c\uc774\ube14 \ucea0\ud551\uc6a9\" src=\"https:\/\/bodegaoutdoor.cl\/store\/wp-content\/uploads\/2025\/02\/86694-400ci8.jpg\" alt=\"Outdoor Folding Tables Folding Camping Table Aluminum Alloy Barbecue Table Chicken Roll Table Tourist Picnic Tables \ub864\ud14c\uc774\ube14\ud14c\uc774\ube14 \ucea0\ud551\uc6a9\" width=\"805\" height=\"604\" \/><br \/>\n<img loading=\"lazy\" decoding=\"async\" title=\"Outdoor Folding Tables Folding Camping Table Aluminum Alloy Barbecue Table Chicken Roll Table Tourist Picnic Tables \ub864\ud14c\uc774\ube14\ud14c\uc774\ube14 \ucea0\ud551\uc6a9\" src=\"https:\/\/bodegaoutdoor.cl\/store\/wp-content\/uploads\/2025\/02\/86694-cxkrlq.jpg\" alt=\"Outdoor Folding Tables Folding Camping Table Aluminum Alloy Barbecue Table Chicken Roll Table Tourist Picnic Tables \ub864\ud14c\uc774\ube14\ud14c\uc774\ube14 \ucea0\ud551\uc6a9\" width=\"808\" height=\"808\" \/><img loading=\"lazy\" decoding=\"async\" title=\"Outdoor Folding Tables Folding Camping Table Aluminum Alloy Barbecue Table Chicken Roll Table Tourist Picnic Tables \ub864\ud14c\uc774\ube14\ud14c\uc774\ube14 \ucea0\ud551\uc6a9\" src=\"https:\/\/bodegaoutdoor.cl\/store\/wp-content\/uploads\/2025\/02\/86694-dxpteo.jpg\" alt=\"Outdoor Folding Tables Folding Camping Table Aluminum Alloy Barbecue Table Chicken Roll Table Tourist Picnic Tables \ub864\ud14c\uc774\ube14\ud14c\uc774\ube14 \ucea0\ud551\uc6a9\" width=\"809\" height=\"809\" \/><\/p>\n<p>&nbsp;<\/p>\n<div><\/div>\n<\/div>\n<p>&nbsp;<\/p>\n\n    <div class=\"xs_social_share_widget xs_share_url after_content \t\tmain_content  wslu-style-1 wslu-share-box-shaped wslu-fill-colored wslu-none wslu-share-horizontal wslu-theme-font-no wslu-main_content\">\n\n\t\t\n        <ul>\n\t\t\t        <\/ul>\n    <\/div> \n","protected":false},"excerpt":{"rendered":"<p>Especificaciones Material: Aluminio Color: Negro Khaki Tama\u00f1os : 53x51x50cm 95x56x50cm 120x55x50cm Uso: \u00a0Outdoor camping, outdoor picnics, Actividades outdoor Material de alta calidad La mesa de picnic plegable est\u00e1 hecha de aleaci\u00f3n de aluminio de alta calidad, que es resistente al desgaste, a prueba de \u00f3xido, impermeable y resistente a los ara\u00f1azos, y se puede mantener [&hellip;]<\/p>\n","protected":false},"featured_media":86701,"comment_status":"open","ping_status":"closed","template":"","meta":{"jetpack_publicize_message":"","jetpack_publicize_feature_enabled":true,"jetpack_social_post_already_shared":true,"jetpack_social_options":{"image_generator_settings":{"template":"highway","enabled":false},"version":2}},"product_brand":[],"product_cat":[2814],"product_tag":[],"class_list":{"0":"post-86694","1":"product","2":"type-product","3":"status-publish","4":"has-post-thumbnail","6":"product_cat-camping","8":"first","9":"instock","10":"sale","11":"taxable","12":"shipping-taxable","13":"purchasable","14":"product-type-variable"},"jetpack_publicize_connections":[],"jetpack_sharing_enabled":true,"_links":{"self":[{"href":"https:\/\/bodegaoutdoor.cl\/store\/wp-json\/wp\/v2\/product\/86694","targetHints":{"allow":["GET"]}}],"collection":[{"href":"https:\/\/bodegaoutdoor.cl\/store\/wp-json\/wp\/v2\/product"}],"about":[{"href":"https:\/\/bodegaoutdoor.cl\/store\/wp-json\/wp\/v2\/types\/product"}],"replies":[{"embeddable":true,"href":"https:\/\/bodegaoutdoor.cl\/store\/wp-json\/wp\/v2\/comments?post=86694"}],"version-history":[{"count":20,"href":"https:\/\/bodegaoutdoor.cl\/store\/wp-json\/wp\/v2\/product\/86694\/revisions"}],"predecessor-version":[{"id":86752,"href":"https:\/\/bodegaoutdoor.cl\/store\/wp-json\/wp\/v2\/product\/86694\/revisions\/86752"}],"wp:featuredmedia":[{"embeddable":true,"href":"https:\/\/bodegaoutdoor.cl\/store\/wp-json\/wp\/v2\/media\/86701"}],"wp:attachment":[{"href":"https:\/\/bodegaoutdoor.cl\/store\/wp-json\/wp\/v2\/media?parent=86694"}],"wp:term":[{"taxonomy":"product_brand","embeddable":true,"href":"https:\/\/bodegaoutdoor.cl\/store\/wp-json\/wp\/v2\/product_brand?post=86694"},{"taxonomy":"product_cat","embeddable":true,"href":"https:\/\/bodegaoutdoor.cl\/store\/wp-json\/wp\/v2\/product_cat?post=86694"},{"taxonomy":"product_tag","embeddable":true,"href":"https:\/\/bodegaoutdoor.cl\/store\/wp-json\/wp\/v2\/product_tag?post=86694"}],"curies":[{"name":"wp","href":"https:\/\/api.w.org\/{rel}","templated":true}]}}