{"id":86965,"date":"2025-03-21T13:22:38","date_gmt":"2025-03-21T16:22:38","guid":{"rendered":"https:\/\/bodegaoutdoor.cl\/store\/product\/monocular-night-vision-device-1080p-hd-infrared-camera-5x-digital-light-zoom-hunting-telescope-outdoor-search-full-darkness-300m\/"},"modified":"2025-05-14T00:59:11","modified_gmt":"2025-05-14T04:59:11","slug":"monocular-night-vision-device-1080p-hd-infrared-camera-5x-digital-light-zoom","status":"publish","type":"product","link":"https:\/\/bodegaoutdoor.cl\/store\/product\/monocular-night-vision-device-1080p-hd-infrared-camera-5x-digital-light-zoom\/","title":{"rendered":"Monocular Night Vision Device 1080P HD Infrared Camera 5X Digital Light Zoom"},"content":{"rendered":"<div>\n<div>\n<h3 id=\"tw-target-text\" class=\"tw-data-text tw-text-large tw-ta\" dir=\"ltr\" data-placeholder=\"Translation\" data-ved=\"2ahUKEwiKnseAg6KNAxVhpZUCHXKCPS8Q3ewLegQIDRAV\" aria-label=\"Translated text: C\u00e1mara infrarroja HD 1080P: Captura im\u00e1genes n\u00edtidas y detalladas con la c\u00e1mara infrarroja de alta calidad del dispositivo. Zoom digital de luz 5X: Ampl\u00eda tu objetivo hasta 5 veces para una visi\u00f3n m\u00e1s cercana. Oscuridad total 300 m: Visualiza objetos en total oscuridad hasta 300 metros de distancia. Nivel de resistencia al agua IPX4: El dispositivo es resistente al agua, lo que lo hace apto para exteriores en cualquier condici\u00f3n clim\u00e1tica. Monocular de visi\u00f3n nocturna, c\u00e1mara infrarroja HD 1080P, zoom digital 5X de 300 m, telescopio de caza, c\u00e1mara para exteriores, uso dual d\u00eda\/noche.\"><span class=\"Y2IQFc\" lang=\"es\">C\u00e1mara infrarroja HD 1080P: Captura im\u00e1genes n\u00edtidas y detalladas con la c\u00e1mara infrarroja de alta calidad del dispositivo. Zoom digital de luz 5X: Ampl\u00eda tu objetivo hasta 5 veces para una visi\u00f3n m\u00e1s cercana. Oscuridad total 300 m: Visualiza objetos en total oscuridad hasta 300 metros de distancia. Nivel de resistencia al agua IPX4: El dispositivo es resistente al agua, lo que lo hace apto para exteriores en cualquier condici\u00f3n clim\u00e1tica. Monocular de visi\u00f3n nocturna, c\u00e1mara infrarroja HD 1080P, zoom digital 5X de 300 m, telescopio de caza, c\u00e1mara para exteriores, uso dual d\u00eda\/noche.<\/span><\/h3>\n<\/div>\n<div align=\"start\">\n<div style=\"margin: 0px; padding: 0px;\">\n<div style=\"margin: 0px; padding: 0px;\">\n<div style=\"margin: 0px; padding: 0px;\">\n<div>\n<p>&nbsp;<\/p>\n<\/div>\n<pre id=\"tw-target-text\" class=\"tw-data-text tw-text-large tw-ta\" dir=\"ltr\" data-placeholder=\"Translation\" data-ved=\"2ahUKEwj7oNaog6KNAxVCQ7gEHT_SDgkQ3ewLegQIDRAV\" aria-label=\"Translated text: Este monocular de visi\u00f3n nocturna permite observar objetos en la oscuridad y con poca luz. La distancia de visi\u00f3n en entornos con poca luz es de 3 metros a ilimitada, y de 300 a 1000 metros en la oscuridad. Ideal para viajes, caza, observaci\u00f3n de animales, etc. \u00a1Disfr\u00fatelo! No le defraudar\u00e1. Caracter\u00edsticas: Incluye iluminaci\u00f3n LED infrarroja de 850 nm y 7 niveles de luz infrarroja ajustables seg\u00fan la luz ambiental, lo que le ofrece una mejor experiencia de uso. Este producto cuenta con un zoom de 5X, ideal para mejorar la visi\u00f3n. Con \u00e9l, podr\u00e1 observar a una distancia de 300 a 1000 metros en entornos con total oscuridad. Con funci\u00f3n de toma de fotos, grabaci\u00f3n de v\u00eddeo y reproducci\u00f3n, el orden de reproducci\u00f3n se basa en el modo de captura. Amplias aplicaciones: Este dispositivo de visi\u00f3n nocturna es ideal para la observaci\u00f3n de paisajes, observaci\u00f3n de animales, caza, viajes, etc. Es un monocular de visi\u00f3n nocturna que permite observar objetos en la oscuridad, con poca luz e incluso durante el d\u00eda. Disponible en 8 idiomas, que puedes cambiar seg\u00fan tus necesidades.\"><span class=\"Y2IQFc\" lang=\"es\">Este monocular de visi\u00f3n nocturna permite observar objetos en la oscuridad y con poca luz. La distancia de visi\u00f3n en entornos con poca luz es de 3 metros a ilimitada, y de 300 a 1000 metros en la oscuridad. Ideal para viajes, caza, observaci\u00f3n de animales, etc. \u00a1Disfr\u00fatelo! No le defraudar\u00e1.\r\n\r\nCaracter\u00edsticas:\r\nIncluye iluminaci\u00f3n LED infrarroja de 850 nm y 7 niveles de luz infrarroja ajustables seg\u00fan la luz ambiental, lo que le ofrece una mejor experiencia de uso.\r\nEste producto cuenta con un zoom de 5X, ideal para mejorar la visi\u00f3n. Con \u00e9l, podr\u00e1 observar a una distancia de 300 a 1000 metros en entornos con total oscuridad.\r\nCon funci\u00f3n de toma de fotos, grabaci\u00f3n de v\u00eddeo y reproducci\u00f3n, el orden de reproducci\u00f3n se basa en el modo de captura.\r\nAmplias aplicaciones: Este dispositivo de visi\u00f3n nocturna es ideal para la observaci\u00f3n de paisajes, observaci\u00f3n de animales, caza, viajes, etc. Es un monocular de visi\u00f3n nocturna que permite observar objetos en la oscuridad, con poca luz e incluso durante el d\u00eda. Disponible en 8 idiomas, que puedes cambiar seg\u00fan tus necesidades.<\/span><\/pre>\n<p align=\"start\"><img decoding=\"async\" title=\"Monocular Night Vision Device 1080P HD Infrared Camera 5X Digital Light Zoom Hunting Telescope Outdoor Search Full Darkness 300m\" src=\"https:\/\/bodegaoutdoor.cl\/store\/wp-content\/uploads\/2025\/03\/86965-grwjve.png\" alt=\"Monocular Night Vision Device 1080P HD Infrared Camera 5X Digital Light Zoom Hunting Telescope Outdoor Search Full Darkness 300m\" \/><\/p>\n<div>\n<p><img decoding=\"async\" title=\"Monocular Night Vision Device 1080P HD Infrared Camera 5X Digital Light Zoom Hunting Telescope Outdoor Search Full Darkness 300m\" src=\"https:\/\/bodegaoutdoor.cl\/store\/wp-content\/uploads\/2025\/03\/86965-xlbhxn.jpg\" alt=\"Monocular Night Vision Device 1080P HD Infrared Camera 5X Digital Light Zoom Hunting Telescope Outdoor Search Full Darkness 300m\" \/><img fetchpriority=\"high\" decoding=\"async\" title=\"Monocular Night Vision Device 1080P HD Infrared Camera 5X Digital Light Zoom Hunting Telescope Outdoor Search Full Darkness 300m\" src=\"https:\/\/bodegaoutdoor.cl\/store\/wp-content\/uploads\/2025\/03\/86965-hd8kmy.jpg\" alt=\"Monocular Night Vision Device 1080P HD Infrared Camera 5X Digital Light Zoom Hunting Telescope Outdoor Search Full Darkness 300m\" width=\"790\" height=\"790\" \/><img decoding=\"async\" title=\"Monocular Night Vision Device 1080P HD Infrared Camera 5X Digital Light Zoom Hunting Telescope Outdoor Search Full Darkness 300m\" src=\"https:\/\/bodegaoutdoor.cl\/store\/wp-content\/uploads\/2025\/03\/86965-eo4hi0.jpg\" alt=\"Monocular Night Vision Device 1080P HD Infrared Camera 5X Digital Light Zoom Hunting Telescope Outdoor Search Full Darkness 300m\" width=\"790\" height=\"790\" \/><\/p>\n<p><img decoding=\"async\" title=\"Monocular Night Vision Device 1080P HD Infrared Camera 5X Digital Light Zoom Hunting Telescope Outdoor Search Full Darkness 300m\" src=\"https:\/\/bodegaoutdoor.cl\/store\/wp-content\/uploads\/2025\/03\/86965-gbgmwp.jpg\" alt=\"Monocular Night Vision Device 1080P HD Infrared Camera 5X Digital Light Zoom Hunting Telescope Outdoor Search Full Darkness 300m\" width=\"790\" height=\"790\" \/><\/p>\n<\/div>\n<div>\n<p><img loading=\"lazy\" decoding=\"async\" title=\"Monocular Night Vision Device 1080P HD Infrared Camera 5X Digital Light Zoom Hunting Telescope Outdoor Search Full Darkness 300m\" src=\"https:\/\/bodegaoutdoor.cl\/store\/wp-content\/uploads\/2025\/03\/86965-ux2dpl.jpg\" alt=\"Monocular Night Vision Device 1080P HD Infrared Camera 5X Digital Light Zoom Hunting Telescope Outdoor Search Full Darkness 300m\" width=\"790\" height=\"790\" \/><\/p>\n<p>&nbsp;<\/p>\n<\/div>\n<p align=\"start\"><img loading=\"lazy\" decoding=\"async\" title=\"Monocular Night Vision Device 1080P HD Infrared Camera 5X Digital Light Zoom Hunting Telescope Outdoor Search Full Darkness 300m\" src=\"https:\/\/bodegaoutdoor.cl\/store\/wp-content\/uploads\/2025\/03\/86965-lgv4mi.jpg\" alt=\"Monocular Night Vision Device 1080P HD Infrared Camera 5X Digital Light Zoom Hunting Telescope Outdoor Search Full Darkness 300m\" width=\"790\" height=\"790\" \/>10000099990<img loading=\"lazy\" decoding=\"async\" title=\"Monocular Night Vision Device 1080P HD Infrared Camera 5X Digital Light Zoom Hunting Telescope Outdoor Search Full Darkness 300m\" src=\"https:\/\/bodegaoutdoor.cl\/store\/wp-content\/uploads\/2025\/03\/86965-zzgpbg.jpg\" alt=\"Monocular Night Vision Device 1080P HD Infrared Camera 5X Digital Light Zoom Hunting Telescope Outdoor Search Full Darkness 300m\" width=\"790\" height=\"790\" \/><img loading=\"lazy\" decoding=\"async\" title=\"Monocular Night Vision Device 1080P HD Infrared Camera 5X Digital Light Zoom Hunting Telescope Outdoor Search Full Darkness 300m\" src=\"https:\/\/bodegaoutdoor.cl\/store\/wp-content\/uploads\/2025\/03\/86965-ipdnmq.jpg\" alt=\"Monocular Night Vision Device 1080P HD Infrared Camera 5X Digital Light Zoom Hunting Telescope Outdoor Search Full Darkness 300m\" width=\"790\" height=\"790\" \/><\/p>\n<div>\n<p>&nbsp;<\/p>\n<\/div>\n<p align=\"start\"><img loading=\"lazy\" decoding=\"async\" title=\"Monocular Night Vision Device 1080P HD Infrared Camera 5X Digital Light Zoom Hunting Telescope Outdoor Search Full Darkness 300m\" src=\"https:\/\/bodegaoutdoor.cl\/store\/wp-content\/uploads\/2025\/03\/86965-g2i4ai.jpg\" alt=\"Monocular Night Vision Device 1080P HD Infrared Camera 5X Digital Light Zoom Hunting Telescope Outdoor Search Full Darkness 300m\" width=\"790\" height=\"790\" \/><img loading=\"lazy\" decoding=\"async\" title=\"Monocular Night Vision Device 1080P HD Infrared Camera 5X Digital Light Zoom Hunting Telescope Outdoor Search Full Darkness 300m\" src=\"https:\/\/bodegaoutdoor.cl\/store\/wp-content\/uploads\/2025\/03\/86965-8omlcc.jpg\" alt=\"Monocular Night Vision Device 1080P HD Infrared Camera 5X Digital Light Zoom Hunting Telescope Outdoor Search Full Darkness 300m\" width=\"790\" height=\"790\" \/><img loading=\"lazy\" decoding=\"async\" title=\"Monocular Night Vision Device 1080P HD Infrared Camera 5X Digital Light Zoom Hunting Telescope Outdoor Search Full Darkness 300m\" src=\"https:\/\/bodegaoutdoor.cl\/store\/wp-content\/uploads\/2025\/03\/86965-d2yez8.jpg\" alt=\"Monocular Night Vision Device 1080P HD Infrared Camera 5X Digital Light Zoom Hunting Telescope Outdoor Search Full Darkness 300m\" width=\"790\" height=\"790\" \/><\/p>\n<div><\/div>\n<div align=\"start\">\n<div style=\"margin: 0px; padding: 0px;\">\n<div style=\"margin: 0px; padding: 0px;\">\n<div style=\"margin: 0px; padding: 0px;\">\n<p align=\"start\"><img loading=\"lazy\" decoding=\"async\" title=\"Monocular Night Vision Device 1080P HD Infrared Camera 5X Digital Light Zoom Hunting Telescope Outdoor Search Full Darkness 300m\" src=\"https:\/\/bodegaoutdoor.cl\/store\/wp-content\/uploads\/2025\/03\/86965-lqkoca.png\" alt=\"Monocular Night Vision Device 1080P HD Infrared Camera 5X Digital Light Zoom Hunting Telescope Outdoor Search Full Darkness 300m\" width=\"790\" height=\"538\" \/><\/p>\n<div align=\"start\">\n<div style=\"margin: 0px; padding: 0px;\">\n<div style=\"margin: 0px; padding: 0px;\">\n<div style=\"margin: 0px; padding: 0px;\">\n<p align=\"start\"><img loading=\"lazy\" decoding=\"async\" title=\"Monocular Night Vision Device 1080P HD Infrared Camera 5X Digital Light Zoom Hunting Telescope Outdoor Search Full Darkness 300m\" src=\"https:\/\/bodegaoutdoor.cl\/store\/wp-content\/uploads\/2025\/03\/86965-ehvqtr.jpg\" alt=\"Monocular Night Vision Device 1080P HD Infrared Camera 5X Digital Light Zoom Hunting Telescope Outdoor Search Full Darkness 300m\" width=\"790\" height=\"790\" \/><\/p>\n<\/div>\n<\/div>\n<\/div>\n<\/div>\n<\/div>\n<\/div>\n<\/div>\n<\/div>\n<p align=\"start\"><img loading=\"lazy\" decoding=\"async\" title=\"Monocular Night Vision Device 1080P HD Infrared Camera 5X Digital Light Zoom Hunting Telescope Outdoor Search Full Darkness 300m\" src=\"https:\/\/bodegaoutdoor.cl\/store\/wp-content\/uploads\/2025\/03\/86965-z7xzt5.jpg\" alt=\"Monocular Night Vision Device 1080P HD Infrared Camera 5X Digital Light Zoom Hunting Telescope Outdoor Search Full Darkness 300m\" width=\"790\" height=\"790\" \/><img loading=\"lazy\" decoding=\"async\" title=\"Monocular Night Vision Device 1080P HD Infrared Camera 5X Digital Light Zoom Hunting Telescope Outdoor Search Full Darkness 300m\" src=\"https:\/\/bodegaoutdoor.cl\/store\/wp-content\/uploads\/2025\/03\/86965-zxwcwv.jpg\" alt=\"Monocular Night Vision Device 1080P HD Infrared Camera 5X Digital Light Zoom Hunting Telescope Outdoor Search Full Darkness 300m\" width=\"790\" height=\"790\" \/><\/p>\n<div><\/div>\n<p align=\"start\"><img loading=\"lazy\" decoding=\"async\" title=\"Monocular Night Vision Device 1080P HD Infrared Camera 5X Digital Light Zoom Hunting Telescope Outdoor Search Full Darkness 300m\" src=\"https:\/\/bodegaoutdoor.cl\/store\/wp-content\/uploads\/2025\/03\/86965-u9etkb.png\" alt=\"Monocular Night Vision Device 1080P HD Infrared Camera 5X Digital Light Zoom Hunting Telescope Outdoor Search Full Darkness 300m\" width=\"790\" height=\"790\" \/><\/p>\n<div><\/div>\n<p align=\"start\"><img loading=\"lazy\" decoding=\"async\" title=\"Monocular Night Vision Device 1080P HD Infrared Camera 5X Digital Light Zoom Hunting Telescope Outdoor Search Full Darkness 300m\" src=\"https:\/\/bodegaoutdoor.cl\/store\/wp-content\/uploads\/2025\/03\/86965-tesmca.jpg\" alt=\"Monocular Night Vision Device 1080P HD Infrared Camera 5X Digital Light Zoom Hunting Telescope Outdoor Search Full Darkness 300m\" width=\"790\" height=\"790\" \/><img loading=\"lazy\" decoding=\"async\" title=\"Monocular Night Vision Device 1080P HD Infrared Camera 5X Digital Light Zoom Hunting Telescope Outdoor Search Full Darkness 300m\" src=\"https:\/\/bodegaoutdoor.cl\/store\/wp-content\/uploads\/2025\/03\/86965-w3xvsz.jpg\" alt=\"Monocular Night Vision Device 1080P HD Infrared Camera 5X Digital Light Zoom Hunting Telescope Outdoor Search Full Darkness 300m\" width=\"790\" height=\"790\" \/><\/p>\n<div>\n<p>&nbsp;<\/p>\n<\/div>\n<p align=\"start\"><img loading=\"lazy\" decoding=\"async\" title=\"Monocular Night Vision Device 1080P HD Infrared Camera 5X Digital Light Zoom Hunting Telescope Outdoor Search Full Darkness 300m\" src=\"https:\/\/bodegaoutdoor.cl\/store\/wp-content\/uploads\/2025\/03\/86965-ovnwcz.png\" alt=\"Monocular Night Vision Device 1080P HD Infrared Camera 5X Digital Light Zoom Hunting Telescope Outdoor Search Full Darkness 300m\" width=\"790\" height=\"790\" \/><img loading=\"lazy\" decoding=\"async\" title=\"Monocular Night Vision Device 1080P HD Infrared Camera 5X Digital Light Zoom Hunting Telescope Outdoor Search Full Darkness 300m\" src=\"https:\/\/bodegaoutdoor.cl\/store\/wp-content\/uploads\/2025\/03\/86965-vczkzz.png\" alt=\"Monocular Night Vision Device 1080P HD Infrared Camera 5X Digital Light Zoom Hunting Telescope Outdoor Search Full Darkness 300m\" width=\"790\" height=\"790\" \/><\/p>\n<\/div>\n<\/div>\n<\/div>\n<\/div>\n<\/div>\n<p>&nbsp;<\/p>\n\n    <div class=\"xs_social_share_widget xs_share_url after_content \t\tmain_content  wslu-style-1 wslu-share-box-shaped wslu-fill-colored wslu-none wslu-share-horizontal wslu-theme-font-no wslu-main_content\">\n\n\t\t\n        <ul>\n\t\t\t        <\/ul>\n    <\/div> \n","protected":false},"excerpt":{"rendered":"<p>C\u00e1mara infrarroja HD 1080P: Captura im\u00e1genes n\u00edtidas y detalladas con la c\u00e1mara infrarroja de alta calidad del dispositivo. Zoom digital de luz 5X: Ampl\u00eda tu objetivo hasta 5 veces para una visi\u00f3n m\u00e1s cercana. Oscuridad total 300 m: Visualiza objetos en total oscuridad hasta 300 metros de distancia. Nivel de resistencia al agua IPX4: El [&hellip;]<\/p>\n","protected":false},"featured_media":86968,"comment_status":"open","ping_status":"closed","template":"","meta":{"jetpack_publicize_message":"","jetpack_publicize_feature_enabled":true,"jetpack_social_post_already_shared":true,"jetpack_social_options":{"image_generator_settings":{"template":"highway","enabled":false},"version":2}},"product_brand":[],"product_cat":[487,1249],"product_tag":[],"class_list":{"0":"post-86965","1":"product","2":"type-product","3":"status-publish","4":"has-post-thumbnail","6":"product_cat-airsoft","7":"product_cat-binoculares","9":"first","10":"instock","11":"sale","12":"taxable","13":"shipping-taxable","14":"purchasable","15":"product-type-variable"},"jetpack_publicize_connections":[],"jetpack_sharing_enabled":true,"_links":{"self":[{"href":"https:\/\/bodegaoutdoor.cl\/store\/wp-json\/wp\/v2\/product\/86965","targetHints":{"allow":["GET"]}}],"collection":[{"href":"https:\/\/bodegaoutdoor.cl\/store\/wp-json\/wp\/v2\/product"}],"about":[{"href":"https:\/\/bodegaoutdoor.cl\/store\/wp-json\/wp\/v2\/types\/product"}],"replies":[{"embeddable":true,"href":"https:\/\/bodegaoutdoor.cl\/store\/wp-json\/wp\/v2\/comments?post=86965"}],"version-history":[{"count":28,"href":"https:\/\/bodegaoutdoor.cl\/store\/wp-json\/wp\/v2\/product\/86965\/revisions"}],"predecessor-version":[{"id":87277,"href":"https:\/\/bodegaoutdoor.cl\/store\/wp-json\/wp\/v2\/product\/86965\/revisions\/87277"}],"wp:featuredmedia":[{"embeddable":true,"href":"https:\/\/bodegaoutdoor.cl\/store\/wp-json\/wp\/v2\/media\/86968"}],"wp:attachment":[{"href":"https:\/\/bodegaoutdoor.cl\/store\/wp-json\/wp\/v2\/media?parent=86965"}],"wp:term":[{"taxonomy":"product_brand","embeddable":true,"href":"https:\/\/bodegaoutdoor.cl\/store\/wp-json\/wp\/v2\/product_brand?post=86965"},{"taxonomy":"product_cat","embeddable":true,"href":"https:\/\/bodegaoutdoor.cl\/store\/wp-json\/wp\/v2\/product_cat?post=86965"},{"taxonomy":"product_tag","embeddable":true,"href":"https:\/\/bodegaoutdoor.cl\/store\/wp-json\/wp\/v2\/product_tag?post=86965"}],"curies":[{"name":"wp","href":"https:\/\/api.w.org\/{rel}","templated":true}]}}