{"id":87023,"date":"2025-03-21T14:46:48","date_gmt":"2025-03-21T17:46:48","guid":{"rendered":"https:\/\/bodegaoutdoor.cl\/store\/product\/travel-backpack-flight-approved-carry-backpack-usb-charging-hole-lightweight-bag-waterproof-causal-bookbag-college-travel-work\/"},"modified":"2025-06-19T14:02:25","modified_gmt":"2025-06-19T18:02:25","slug":"mochila-de-viaje-con-carga-usb-mochila-impermeable","status":"publish","type":"product","link":"https:\/\/bodegaoutdoor.cl\/store\/product\/mochila-de-viaje-con-carga-usb-mochila-impermeable\/","title":{"rendered":"Mochila de viaje con carga USB, mochila impermeable"},"content":{"rendered":"<div>\n<div class=\"title--wrap--NWOaiSp description--title--NMh4UiD\" data-spm-anchor-id=\"a2g0o.detail.0.i20.222aAHwWAHwW4x\">\n<div class=\"title--text--Otu0bLr\">\n<h2 class=\"title--title--O6xcB1q\" data-spm-anchor-id=\"a2g0o.detail.0.i22.222aAHwWAHwW4x\">Descripci\u00f3n<\/h2>\n<\/div>\n<\/div>\n<div class=\"extend--wrap--yXwoDbO\">\n<div class=\"extend--content--VuIQZia\">\n<div>\n<div id=\"product-description\" class=\"description--product-description--Mjtql28\" data-spm=\"1000023\" data-pl=\"product-description\">\n<div class=\"description--origin-part--rWy05pE\">\n<div class=\"detailmodule_html\">\n<div class=\"detail-desc-decorate-richtext\">\n<div class=\"detailmodule_html\">\n<div class=\"detail-desc-decorate-richtext\">\n<p data-spm-anchor-id=\"a2g0o.detail.1000023.i0.222aAHwWAHwW4x\"><strong>Mochila de viaje de gran capacidad Aprobado por vuelos M\u00faltiples bolsillos Correa de hombro transpirable Correa de fijaci\u00f3n de ropa Mochila universitaria impermeable Bolsa Mochila de negocios para senderismo<\/strong><\/p>\n<p>Dise\u00f1o vers\u00e1til: transforme esta mochila en un malet\u00edn sin esfuerzo con correas para los hombros ocultas, ofreciendo adaptabilidad para diversas ocasiones.Las correas para equipaje mejoran la portabilidad, lo que garantiza comodidad mientras viaja.<br \/>\nAlmacenamiento organizado: disfrute de un amplio espacio y una organizaci\u00f3n inteligente con compartimentos dedicados para una computadora port\u00e1til de 16 pulgadas, iPad de 12,9 pulgadas y una secci\u00f3n de capa h\u00fameda para art\u00edculos de tocador o art\u00edculos h\u00famedos.La bolsa de almacenamiento multifuncional tiene capacidad para elementos esenciales como gafas de sol, llaves y refrigerios de manera eficiente.<br \/>\nDimensiones aptas para viajes: compacta pero espaciosa, que mide 17,72 x 12,2 x 7,48 pulgadas y pesa solo 1,92 libras, esta mochila cabe perfectamente debajo de los asientos del avi\u00f3n o en los contenedores superiores, lo que la convierte en un compa\u00f1ero de viaje ideal sin cargos adicionales.<br \/>\nConstrucci\u00f3n c\u00f3moda y duradera: experimente una mayor comodidad con un panel posterior de esponja transpirable que evita la congesti\u00f3n durante el uso prolongado.Las resistentes cremalleras se someten a pruebas rigurosas para garantizar un rendimiento duradero sin comprometer la seguridad.<br \/>\nUtilidad multiusos: lavable a mano para mayor longevidad, esta mochila brinda varios roles, como un compa\u00f1ero diario, esencial para viajes, una bolsa de trabajo o computadora port\u00e1til, un compa\u00f1ero de escapada de fin de semana y un transporte confiable en el campus, todo para mujeres que buscan versatilidad en sus accesorios.<\/p>\n<p>Descripci\u00f3n:<br \/>\nPresentamos nuestra mochila vers\u00e1til, que cambia sin problemas entre un malet\u00edn, un bolso y una mochila con sus correas ocultas para los hombros que se pueden guardar c\u00f3modamente en el panel posterior con cremallera.Las correas para equipaje ofrecen mayor flexibilidad en las opciones de transporte.<br \/>\nCon una gran capacidad y un dise\u00f1o de m\u00faltiples bolsillos, esta mochila est\u00e1 equipada con compartimentos acolchados para una computadora port\u00e1til de 16 pulgadas y un iPad de 12,9 pulgadas.El compartimento principal incluye un dise\u00f1o de capa h\u00fameda para guardar art\u00edculos de tocador y art\u00edculos mojados, junto con una bolsa de almacenamiento multifuncional para organizar elementos esenciales como gafas de sol, pa\u00f1uelos, llaves, billetera, revistas, libros, notas, bol\u00edgrafos y refrigerios.<br \/>\nCon unas dimensiones de 17,72 x 12,2 x 7,48 pulgadas (45 x 31 x 19 cm) y un peso de solo 1,92 lb (0,87 kg), esta mochila de viaje liviana cabe perfectamente debajo de los asientos del avi\u00f3n o en contenedores superiores sin incurrir tarifas adicionales.La parte posterior de esponja transpirable garantiza comodidad sin congesti\u00f3n, mientras que las resistentes cremalleras han sido rigurosamente probadas para su durabilidad.<br \/>\nPara el mantenimiento, recomendamos lavarse las manos para prolongar la vida \u00fatil de la mochila.Esta mochila grande para mujer tiene m\u00faltiples prop\u00f3sitos, como una mochila diaria, una compa\u00f1era de viaje, un porta computadora port\u00e1til, lo esencial para el trabajo, una bolsa de noche de fin de semana y un elemento b\u00e1sico del campus.<\/p>\n<p>Nombre del art\u00edculo: Mochila<br \/>\nMaterial: poli\u00e9ster<br \/>\nG\u00e9nero: Neutral<br \/>\nCaracter\u00edsticas: m\u00faltiples bolsillos, correa de hombro transpirable, correa de fijaci\u00f3n de ropa.<br \/>\nDetalles del tama\u00f1o:<br \/>\nL: 45 cm\/17,72&#8243;, Ancho: 31 cm\/12,2&#8243;, Alto: 19 cm\/7,48&#8243; (aprox.)<\/p>\n<p>Notas:<br \/>\nDebido a las diferencias de luz y configuraci\u00f3n de la pantalla, el color del art\u00edculo puede ser ligeramente diferente al de las im\u00e1genes.<br \/>\nPermita una ligera diferencia de dimensi\u00f3n debido a diferentes medidas manuales.<\/p>\n<\/div>\n<\/div>\n<\/div>\n<\/div>\n<\/div>\n<\/div>\n<\/div>\n<\/div>\n<\/div>\n<\/div>\n<div>\n<div>\n<div><img decoding=\"async\" title=\"Travel Backpack Flight Approved Carry Backpack USB Charging Hole Lightweight Bag Waterproof Causal Bookbag College Travel Work\" src=\"https:\/\/bodegaoutdoor.cl\/store\/wp-content\/uploads\/2025\/03\/87023-qrol4e.jpg\" alt=\"Travel Backpack Flight Approved Carry Backpack USB Charging Hole Lightweight Bag Waterproof Causal Bookbag College Travel Work\" \/><img decoding=\"async\" title=\"Travel Backpack Flight Approved Carry Backpack USB Charging Hole Lightweight Bag Waterproof Causal Bookbag College Travel Work\" src=\"https:\/\/bodegaoutdoor.cl\/store\/wp-content\/uploads\/2025\/03\/87023-jc45rk.jpg\" alt=\"Travel Backpack Flight Approved Carry Backpack USB Charging Hole Lightweight Bag Waterproof Causal Bookbag College Travel Work\" \/><img decoding=\"async\" title=\"Travel Backpack Flight Approved Carry Backpack USB Charging Hole Lightweight Bag Waterproof Causal Bookbag College Travel Work\" src=\"https:\/\/bodegaoutdoor.cl\/store\/wp-content\/uploads\/2025\/03\/87023-kdeneo.jpg\" alt=\"Travel Backpack Flight Approved Carry Backpack USB Charging Hole Lightweight Bag Waterproof Causal Bookbag College Travel Work\" \/><img decoding=\"async\" title=\"Travel Backpack Flight Approved Carry Backpack USB Charging Hole Lightweight Bag Waterproof Causal Bookbag College Travel Work\" src=\"https:\/\/bodegaoutdoor.cl\/store\/wp-content\/uploads\/2025\/03\/87023-42zbox.jpg\" alt=\"Travel Backpack Flight Approved Carry Backpack USB Charging Hole Lightweight Bag Waterproof Causal Bookbag College Travel Work\" \/><img decoding=\"async\" title=\"Travel Backpack Flight Approved Carry Backpack USB Charging Hole Lightweight Bag Waterproof Causal Bookbag College Travel Work\" src=\"https:\/\/bodegaoutdoor.cl\/store\/wp-content\/uploads\/2025\/03\/87023-ypwxxe.jpg\" alt=\"Travel Backpack Flight Approved Carry Backpack USB Charging Hole Lightweight Bag Waterproof Causal Bookbag College Travel Work\" \/><img decoding=\"async\" title=\"Travel Backpack Flight Approved Carry Backpack USB Charging Hole Lightweight Bag Waterproof Causal Bookbag College Travel Work\" src=\"https:\/\/bodegaoutdoor.cl\/store\/wp-content\/uploads\/2025\/03\/87023-rn8osd.jpg\" alt=\"Travel Backpack Flight Approved Carry Backpack USB Charging Hole Lightweight Bag Waterproof Causal Bookbag College Travel Work\" \/><img decoding=\"async\" title=\"Travel Backpack Flight Approved Carry Backpack USB Charging Hole Lightweight Bag Waterproof Causal Bookbag College Travel Work\" src=\"https:\/\/bodegaoutdoor.cl\/store\/wp-content\/uploads\/2025\/03\/87023-vjvkas.jpg\" alt=\"Travel Backpack Flight Approved Carry Backpack USB Charging Hole Lightweight Bag Waterproof Causal Bookbag College Travel Work\" \/><img decoding=\"async\" title=\"Travel Backpack Flight Approved Carry Backpack USB Charging Hole Lightweight Bag Waterproof Causal Bookbag College Travel Work\" src=\"https:\/\/bodegaoutdoor.cl\/store\/wp-content\/uploads\/2025\/03\/87023-mt7anz.jpg\" alt=\"Travel Backpack Flight Approved Carry Backpack USB Charging Hole Lightweight Bag Waterproof Causal Bookbag College Travel Work\" \/><img decoding=\"async\" title=\"Travel Backpack Flight Approved Carry Backpack USB Charging Hole Lightweight Bag Waterproof Causal Bookbag College Travel Work\" src=\"https:\/\/bodegaoutdoor.cl\/store\/wp-content\/uploads\/2025\/03\/87023-9y3eid.jpg\" alt=\"Travel Backpack Flight Approved Carry Backpack USB Charging Hole Lightweight Bag Waterproof Causal Bookbag College Travel Work\" \/><img decoding=\"async\" title=\"Travel Backpack Flight Approved Carry Backpack USB Charging Hole Lightweight Bag Waterproof Causal Bookbag College Travel Work\" src=\"https:\/\/bodegaoutdoor.cl\/store\/wp-content\/uploads\/2025\/03\/87023-nzenuz.jpg\" alt=\"Travel Backpack Flight Approved Carry Backpack USB Charging Hole Lightweight Bag Waterproof Causal Bookbag College Travel Work\" \/><img decoding=\"async\" title=\"Travel Backpack Flight Approved Carry Backpack USB Charging Hole Lightweight Bag Waterproof Causal Bookbag College Travel Work\" src=\"https:\/\/bodegaoutdoor.cl\/store\/wp-content\/uploads\/2025\/03\/87023-dhntvc.jpg\" alt=\"Travel Backpack Flight Approved Carry Backpack USB Charging Hole Lightweight Bag Waterproof Causal Bookbag College Travel Work\" \/><img decoding=\"async\" title=\"Travel Backpack Flight Approved Carry Backpack USB Charging Hole Lightweight Bag Waterproof Causal Bookbag College Travel Work\" src=\"https:\/\/bodegaoutdoor.cl\/store\/wp-content\/uploads\/2025\/03\/87023-mkxm9a.jpg\" alt=\"Travel Backpack Flight Approved Carry Backpack USB Charging Hole Lightweight Bag Waterproof Causal Bookbag College Travel Work\" \/><img decoding=\"async\" title=\"Travel Backpack Flight Approved Carry Backpack USB Charging Hole Lightweight Bag Waterproof Causal Bookbag College Travel Work\" src=\"https:\/\/bodegaoutdoor.cl\/store\/wp-content\/uploads\/2025\/03\/87023-gi44na.jpg\" alt=\"Travel Backpack Flight Approved Carry Backpack USB Charging Hole Lightweight Bag Waterproof Causal Bookbag College Travel Work\" \/><img decoding=\"async\" title=\"Travel Backpack Flight Approved Carry Backpack USB Charging Hole Lightweight Bag Waterproof Causal Bookbag College Travel Work\" src=\"https:\/\/bodegaoutdoor.cl\/store\/wp-content\/uploads\/2025\/03\/87023-2u1bap.jpg\" alt=\"Travel Backpack Flight Approved Carry Backpack USB Charging Hole Lightweight Bag Waterproof Causal Bookbag College Travel Work\" \/><img decoding=\"async\" title=\"Travel Backpack Flight Approved Carry Backpack USB Charging Hole Lightweight Bag Waterproof Causal Bookbag College Travel Work\" src=\"https:\/\/bodegaoutdoor.cl\/store\/wp-content\/uploads\/2025\/03\/87023-spznxh.jpg\" alt=\"Travel Backpack Flight Approved Carry Backpack USB Charging Hole Lightweight Bag Waterproof Causal Bookbag College Travel Work\" \/><\/div>\n<\/div>\n<\/div>\n<p>&nbsp;<\/p>\n\n    <div class=\"xs_social_share_widget xs_share_url after_content \t\tmain_content  wslu-style-1 wslu-share-box-shaped wslu-fill-colored wslu-none wslu-share-horizontal wslu-theme-font-no wslu-main_content\">\n\n\t\t\n        <ul>\n\t\t\t        <\/ul>\n    <\/div> \n","protected":false},"excerpt":{"rendered":"<p>Descripci\u00f3n Mochila de viaje de gran capacidad Aprobado por vuelos M\u00faltiples bolsillos Correa de hombro transpirable Correa de fijaci\u00f3n de ropa Mochila universitaria impermeable Bolsa Mochila de negocios para senderismo Dise\u00f1o vers\u00e1til: transforme esta mochila en un malet\u00edn sin esfuerzo con correas para los hombros ocultas, ofreciendo adaptabilidad para diversas ocasiones.Las correas para equipaje mejoran [&hellip;]<\/p>\n","protected":false},"featured_media":87043,"comment_status":"open","ping_status":"closed","template":"","meta":{"jetpack_publicize_message":"","jetpack_publicize_feature_enabled":true,"jetpack_social_post_already_shared":true,"jetpack_social_options":{"image_generator_settings":{"template":"highway","enabled":false},"version":2}},"product_brand":[],"product_cat":[195,238],"product_tag":[],"class_list":{"0":"post-87023","1":"product","2":"type-product","3":"status-publish","4":"has-post-thumbnail","6":"product_cat-mochilas","7":"product_cat-mochilas-10-30-litros","9":"first","10":"instock","11":"sale","12":"taxable","13":"shipping-taxable","14":"purchasable","15":"product-type-variable"},"jetpack_publicize_connections":[],"jetpack_sharing_enabled":true,"_links":{"self":[{"href":"https:\/\/bodegaoutdoor.cl\/store\/wp-json\/wp\/v2\/product\/87023","targetHints":{"allow":["GET"]}}],"collection":[{"href":"https:\/\/bodegaoutdoor.cl\/store\/wp-json\/wp\/v2\/product"}],"about":[{"href":"https:\/\/bodegaoutdoor.cl\/store\/wp-json\/wp\/v2\/types\/product"}],"replies":[{"embeddable":true,"href":"https:\/\/bodegaoutdoor.cl\/store\/wp-json\/wp\/v2\/comments?post=87023"}],"version-history":[{"count":22,"href":"https:\/\/bodegaoutdoor.cl\/store\/wp-json\/wp\/v2\/product\/87023\/revisions"}],"predecessor-version":[{"id":87784,"href":"https:\/\/bodegaoutdoor.cl\/store\/wp-json\/wp\/v2\/product\/87023\/revisions\/87784"}],"wp:featuredmedia":[{"embeddable":true,"href":"https:\/\/bodegaoutdoor.cl\/store\/wp-json\/wp\/v2\/media\/87043"}],"wp:attachment":[{"href":"https:\/\/bodegaoutdoor.cl\/store\/wp-json\/wp\/v2\/media?parent=87023"}],"wp:term":[{"taxonomy":"product_brand","embeddable":true,"href":"https:\/\/bodegaoutdoor.cl\/store\/wp-json\/wp\/v2\/product_brand?post=87023"},{"taxonomy":"product_cat","embeddable":true,"href":"https:\/\/bodegaoutdoor.cl\/store\/wp-json\/wp\/v2\/product_cat?post=87023"},{"taxonomy":"product_tag","embeddable":true,"href":"https:\/\/bodegaoutdoor.cl\/store\/wp-json\/wp\/v2\/product_tag?post=87023"}],"curies":[{"name":"wp","href":"https:\/\/api.w.org\/{rel}","templated":true}]}}