{"id":87296,"date":"2025-06-13T23:50:05","date_gmt":"2025-06-14T03:50:05","guid":{"rendered":"https:\/\/bodegaoutdoor.cl\/store\/product\/city-tactical-fleece-thick-warm-breathable-camouflage-jacket-men-winter-outdoor-hiking-climbing-cycling-thermal-windproof-coat\/"},"modified":"2025-06-14T00:14:59","modified_gmt":"2025-06-14T04:14:59","slug":"chaqueta-tactica-de-polar-para-hombre-gruesa-calida-y-transpirable-abrigo-termico-a-prueba-de-viento","status":"publish","type":"product","link":"https:\/\/bodegaoutdoor.cl\/store\/product\/chaqueta-tactica-de-polar-para-hombre-gruesa-calida-y-transpirable-abrigo-termico-a-prueba-de-viento\/","title":{"rendered":"Chaqueta t\u00e1ctica de polar para hombre, gruesa, c\u00e1lida y transpirable, abrigo t\u00e9rmico a prueba de viento"},"content":{"rendered":"<pre id=\"tw-target-text\" class=\"tw-data-text tw-text-large tw-ta\" dir=\"ltr\" data-placeholder=\"Traducci\u00f3n\" data-ved=\"2ahUKEwjyjfPNhfCNAxXSI7kGHdVDJ9IQ3ewLegQICRAW\" aria-label=\"Texto traducido: Chaqueta t\u00e1ctica de forro polar para hombre, gruesa, c\u00e1lida y transpirable, para acampar, para invierno, para exteriores, senderismo, escalada, ciclismo, abrigo t\u00e9rmico a prueba de viento\"><span class=\"Y2IQFc\" lang=\"es\">Chaqueta t\u00e1ctica de forro polar para hombre, gruesa, c\u00e1lida y transpirable, para acampar, para invierno, para exteriores, senderismo, escalada, ciclismo, abrigo t\u00e9rmico a prueba de viento<\/span><\/pre>\n<p style=\"text-align: center;\"><span style=\"font-size: 28px;\"><img decoding=\"async\" style=\"width: 1000px; height: 425px;\" title=\"City Tactical Fleece Thick Warm Breathable Camouflage Jacket Men Winter Outdoor Hiking Climbing Cycling Thermal Windproof Coat\" src=\"https:\/\/bodegaoutdoor.cl\/store\/wp-content\/uploads\/2025\/06\/87296-fcna5d.jpg\" alt=\"City Tactical Fleece Thick Warm Breathable Camouflage Jacket Men Winter Outdoor Hiking Climbing Cycling Thermal Windproof Coat\" data-index=\"img0\" \/><\/span><\/p>\n<p style=\"text-align: center;\"><img fetchpriority=\"high\" decoding=\"async\" title=\"City Tactical Fleece Thick Warm Breathable Camouflage Jacket Men Winter Outdoor Hiking Climbing Cycling Thermal Windproof Coat\" src=\"https:\/\/bodegaoutdoor.cl\/store\/wp-content\/uploads\/2025\/06\/87296-cayioq.jpg\" alt=\"City Tactical Fleece Thick Warm Breathable Camouflage Jacket Men Winter Outdoor Hiking Climbing Cycling Thermal Windproof Coat\" width=\"790\" height=\"790\" \/><\/p>\n<p><img decoding=\"async\" title=\"City Tactical Fleece Thick Warm Breathable Camouflage Jacket Men Winter Outdoor Hiking Climbing Cycling Thermal Windproof Coat\" src=\"https:\/\/bodegaoutdoor.cl\/store\/wp-content\/uploads\/2025\/06\/87296-cqfanl.jpg\" alt=\"City Tactical Fleece Thick Warm Breathable Camouflage Jacket Men Winter Outdoor Hiking Climbing Cycling Thermal Windproof Coat\" width=\"790\" height=\"790\" \/><\/p>\n<p>&nbsp;<\/p>\n\n    <div class=\"xs_social_share_widget xs_share_url after_content \t\tmain_content  wslu-style-1 wslu-share-box-shaped wslu-fill-colored wslu-none wslu-share-horizontal wslu-theme-font-no wslu-main_content\">\n\n\t\t\n        <ul>\n\t\t\t        <\/ul>\n    <\/div> \n","protected":false},"excerpt":{"rendered":"<p>Chaqueta t\u00e1ctica de forro polar para hombre, gruesa, c\u00e1lida y transpirable, para acampar, para invierno, para exteriores, senderismo, escalada, ciclismo, abrigo t\u00e9rmico a prueba de viento &nbsp;<\/p>\n","protected":false},"featured_media":87351,"comment_status":"open","ping_status":"closed","template":"","meta":{"jetpack_publicize_message":"","jetpack_publicize_feature_enabled":true,"jetpack_social_post_already_shared":true,"jetpack_social_options":{"image_generator_settings":{"template":"highway","enabled":false},"version":2}},"product_brand":[],"product_cat":[62],"product_tag":[],"class_list":{"0":"post-87296","1":"product","2":"type-product","3":"status-publish","4":"has-post-thumbnail","6":"product_cat-vestuario-hombre","8":"first","9":"instock","10":"sale","11":"taxable","12":"shipping-taxable","13":"purchasable","14":"product-type-variable"},"jetpack_publicize_connections":[],"jetpack_sharing_enabled":true,"_links":{"self":[{"href":"https:\/\/bodegaoutdoor.cl\/store\/wp-json\/wp\/v2\/product\/87296","targetHints":{"allow":["GET"]}}],"collection":[{"href":"https:\/\/bodegaoutdoor.cl\/store\/wp-json\/wp\/v2\/product"}],"about":[{"href":"https:\/\/bodegaoutdoor.cl\/store\/wp-json\/wp\/v2\/types\/product"}],"replies":[{"embeddable":true,"href":"https:\/\/bodegaoutdoor.cl\/store\/wp-json\/wp\/v2\/comments?post=87296"}],"version-history":[{"count":27,"href":"https:\/\/bodegaoutdoor.cl\/store\/wp-json\/wp\/v2\/product\/87296\/revisions"}],"predecessor-version":[{"id":87398,"href":"https:\/\/bodegaoutdoor.cl\/store\/wp-json\/wp\/v2\/product\/87296\/revisions\/87398"}],"wp:featuredmedia":[{"embeddable":true,"href":"https:\/\/bodegaoutdoor.cl\/store\/wp-json\/wp\/v2\/media\/87351"}],"wp:attachment":[{"href":"https:\/\/bodegaoutdoor.cl\/store\/wp-json\/wp\/v2\/media?parent=87296"}],"wp:term":[{"taxonomy":"product_brand","embeddable":true,"href":"https:\/\/bodegaoutdoor.cl\/store\/wp-json\/wp\/v2\/product_brand?post=87296"},{"taxonomy":"product_cat","embeddable":true,"href":"https:\/\/bodegaoutdoor.cl\/store\/wp-json\/wp\/v2\/product_cat?post=87296"},{"taxonomy":"product_tag","embeddable":true,"href":"https:\/\/bodegaoutdoor.cl\/store\/wp-json\/wp\/v2\/product_tag?post=87296"}],"curies":[{"name":"wp","href":"https:\/\/api.w.org\/{rel}","templated":true}]}}