{"id":87399,"date":"2025-06-14T11:11:50","date_gmt":"2025-06-14T15:11:50","guid":{"rendered":"https:\/\/bodegaoutdoor.cl\/store\/product\/thermal-underwear-set-boys-girls-winter-warm-long-johns-fast-dry-thermo-underwear-for-kids-lucky-johns-sportswear-t-shirt-pants\/"},"modified":"2025-06-14T11:47:53","modified_gmt":"2025-06-14T15:47:53","slug":"thermal-underwear-set-boys-girls-winter-warm-long-johns-fast-dry-thermo-underwear-for-kids-lucky-johns-sportswear-t-shirt-pants","status":"publish","type":"product","link":"https:\/\/bodegaoutdoor.cl\/store\/product\/thermal-underwear-set-boys-girls-winter-warm-long-johns-fast-dry-thermo-underwear-for-kids-lucky-johns-sportswear-t-shirt-pants\/","title":{"rendered":"Primera capa respirable Conjunto de ropa interior t\u00e9rmica para ni\u00f1os y ni\u00f1as"},"content":{"rendered":"<div style=\"overflow: hidden; height: 0px;\">modname=ckeditor<\/div>\n<div>\n<pre id=\"tw-target-text\" class=\"tw-data-text tw-text-large tw-ta\" dir=\"ltr\" data-placeholder=\"Translation\" data-ved=\"2ahUKEwjz2sfMmvGNAxV4J7kGHdfxLsAQ3ewLegQICRAV\" aria-label=\"Translated text: Conjunto de ropa interior t\u00e9rmica para ni\u00f1os y ni\u00f1as, calzoncillos largos de invierno de secado r\u00e1pido, ropa interior t\u00e9rmica Lucky Johns, camiseta y pantalones deportivos. Nota: Con terciopelo, abriga en oto\u00f1o e invierno. Sin terciopelo, abriga en primavera y verano. 100% nuevo. Apto para ni\u00f1os y ni\u00f1as. Material: 90 % poli\u00e9ster, 10 % elastano. Estilo: Sexy. Temporada: primavera, verano, oto\u00f1o e invierno. Color: negro, gris, verde. Caracter\u00edsticas: transpirable, transpirable. Embalaje: individual. Tallas: 22, 24, 26, 28, 30, S, M, L, XL, XXL.\"><span class=\"Y2IQFc\" lang=\"es\">Conjunto de ropa interior t\u00e9rmica para ni\u00f1os y ni\u00f1as,  secado r\u00e1pido, ropa interior t\u00e9rmica, camiseta y pantalones deportivos.\r\n\r\n100% nuevo.\r\nApto para ni\u00f1os y ni\u00f1as.\r\nMaterial: 90 % poli\u00e9ster, 10 % elastano.\r\nTemporada: primavera, verano, oto\u00f1o e invierno.\r\nColor: negro, gris, verde.\r\nCaracter\u00edsticas: transpirable, transpirable.\r\nTallas: 22, 24, 26, 28, 30, 34\r\n<\/span><\/pre>\n<div><img decoding=\"async\" title=\"Thermal Underwear Set Boys Girls Winter Warm Long Johns Fast-Dry Thermo Underwear for Kids Lucky Johns Sportswear T-shirt Pants\" src=\"https:\/\/bodegaoutdoor.cl\/store\/wp-content\/uploads\/2025\/06\/87399-wcdkgz.jpg\" alt=\"Thermal Underwear Set Boys Girls Winter Warm Long Johns Fast-Dry Thermo Underwear for Kids Lucky Johns Sportswear T-shirt Pants\" \/><\/div>\n<div><\/div>\n<div>\n<div><span style=\"font-size: 18px;\">As different computers display colors differently, the color of the actual item may vary slightly from the above images, thanks for your understanding.<\/span><\/div>\n<div><span style=\"font-size: 18px;\">please allow 1-2cm differs due to manual measurement, thanks (All measurement in cm and please note 1cm=0.39inch)<\/span><\/div>\n<\/div>\n<p><img decoding=\"async\" style=\"font-family: arial, helvetica, sans-serif; font-size: 0px; line-height: inherit; color: transparent; border: 0px; margin: 0px; padding: 0px;\" title=\"Thermal Underwear Set Boys Girls Winter Warm Long Johns Fast-Dry Thermo Underwear for Kids Lucky Johns Sportswear T-shirt Pants\" src=\"https:\/\/bodegaoutdoor.cl\/store\/wp-content\/uploads\/2025\/06\/87399-ynd2c5.jpg\" alt=\"Thermal Underwear Set Boys Girls Winter Warm Long Johns Fast-Dry Thermo Underwear for Kids Lucky Johns Sportswear T-shirt Pants\" \/><\/p>\n<p><img decoding=\"async\" title=\"Thermal Underwear Set Boys Girls Winter Warm Long Johns Fast-Dry Thermo Underwear for Kids Lucky Johns Sportswear T-shirt Pants\" src=\"https:\/\/bodegaoutdoor.cl\/store\/wp-content\/uploads\/2025\/06\/87399-yuwbza.jpg\" alt=\"Thermal Underwear Set Boys Girls Winter Warm Long Johns Fast-Dry Thermo Underwear for Kids Lucky Johns Sportswear T-shirt Pants\" \/><img decoding=\"async\" title=\"Thermal Underwear Set Boys Girls Winter Warm Long Johns Fast-Dry Thermo Underwear for Kids Lucky Johns Sportswear T-shirt Pants\" src=\"https:\/\/bodegaoutdoor.cl\/store\/wp-content\/uploads\/2025\/06\/87399-jlwqv4.jpg\" alt=\"Thermal Underwear Set Boys Girls Winter Warm Long Johns Fast-Dry Thermo Underwear for Kids Lucky Johns Sportswear T-shirt Pants\" \/><img decoding=\"async\" title=\"Thermal Underwear Set Boys Girls Winter Warm Long Johns Fast-Dry Thermo Underwear for Kids Lucky Johns Sportswear T-shirt Pants\" src=\"https:\/\/bodegaoutdoor.cl\/store\/wp-content\/uploads\/2025\/06\/87399-zpx0op.jpg\" alt=\"Thermal Underwear Set Boys Girls Winter Warm Long Johns Fast-Dry Thermo Underwear for Kids Lucky Johns Sportswear T-shirt Pants\" \/><\/p>\n<p><img decoding=\"async\" title=\"Thermal Underwear Set Boys Girls Winter Warm Long Johns Fast-Dry Thermo Underwear for Kids Lucky Johns Sportswear T-shirt Pants\" src=\"https:\/\/bodegaoutdoor.cl\/store\/wp-content\/uploads\/2025\/06\/87399-gnrftr.jpg\" alt=\"Thermal Underwear Set Boys Girls Winter Warm Long Johns Fast-Dry Thermo Underwear for Kids Lucky Johns Sportswear T-shirt Pants\" \/><\/p>\n<p><img decoding=\"async\" title=\"Thermal Underwear Set Boys Girls Winter Warm Long Johns Fast-Dry Thermo Underwear for Kids Lucky Johns Sportswear T-shirt Pants\" src=\"https:\/\/bodegaoutdoor.cl\/store\/wp-content\/uploads\/2025\/06\/87399-w8ypkp.jpg\" alt=\"Thermal Underwear Set Boys Girls Winter Warm Long Johns Fast-Dry Thermo Underwear for Kids Lucky Johns Sportswear T-shirt Pants\" \/><img decoding=\"async\" title=\"Thermal Underwear Set Boys Girls Winter Warm Long Johns Fast-Dry Thermo Underwear for Kids Lucky Johns Sportswear T-shirt Pants\" src=\"https:\/\/bodegaoutdoor.cl\/store\/wp-content\/uploads\/2025\/06\/87399-a45ecz.jpg\" alt=\"Thermal Underwear Set Boys Girls Winter Warm Long Johns Fast-Dry Thermo Underwear for Kids Lucky Johns Sportswear T-shirt Pants\" \/><img decoding=\"async\" title=\"Thermal Underwear Set Boys Girls Winter Warm Long Johns Fast-Dry Thermo Underwear for Kids Lucky Johns Sportswear T-shirt Pants\" src=\"https:\/\/bodegaoutdoor.cl\/store\/wp-content\/uploads\/2025\/06\/87399-md8ex3.jpg\" alt=\"Thermal Underwear Set Boys Girls Winter Warm Long Johns Fast-Dry Thermo Underwear for Kids Lucky Johns Sportswear T-shirt Pants\" \/><img decoding=\"async\" title=\"Thermal Underwear Set Boys Girls Winter Warm Long Johns Fast-Dry Thermo Underwear for Kids Lucky Johns Sportswear T-shirt Pants\" src=\"https:\/\/bodegaoutdoor.cl\/store\/wp-content\/uploads\/2025\/06\/87399-iwmqdu.jpg\" alt=\"Thermal Underwear Set Boys Girls Winter Warm Long Johns Fast-Dry Thermo Underwear for Kids Lucky Johns Sportswear T-shirt Pants\" \/><\/p>\n<p><img decoding=\"async\" title=\"Thermal Underwear Set Boys Girls Winter Warm Long Johns Fast-Dry Thermo Underwear for Kids Lucky Johns Sportswear T-shirt Pants\" src=\"https:\/\/bodegaoutdoor.cl\/store\/wp-content\/uploads\/2025\/06\/87399-jp6d4t.jpg\" alt=\"Thermal Underwear Set Boys Girls Winter Warm Long Johns Fast-Dry Thermo Underwear for Kids Lucky Johns Sportswear T-shirt Pants\" \/><img decoding=\"async\" title=\"Thermal Underwear Set Boys Girls Winter Warm Long Johns Fast-Dry Thermo Underwear for Kids Lucky Johns Sportswear T-shirt Pants\" src=\"https:\/\/bodegaoutdoor.cl\/store\/wp-content\/uploads\/2025\/06\/87399-ahtfyi.jpg\" alt=\"Thermal Underwear Set Boys Girls Winter Warm Long Johns Fast-Dry Thermo Underwear for Kids Lucky Johns Sportswear T-shirt Pants\" \/><\/p>\n<div><\/div>\n<div style=\"border: 0px; margin: 0px; padding: 0px;\">\n<div style=\"border: 0px; margin: 0px; padding: 0px;\">\n<div align=\"start\"><\/div>\n<div align=\"start\"><\/div>\n<\/div>\n<\/div>\n<\/div>\n\n    <div class=\"xs_social_share_widget xs_share_url after_content \t\tmain_content  wslu-style-1 wslu-share-box-shaped wslu-fill-colored wslu-none wslu-share-horizontal wslu-theme-font-no wslu-main_content\">\n\n\t\t\n        <ul>\n\t\t\t        <\/ul>\n    <\/div> \n","protected":false},"excerpt":{"rendered":"<p>modname=ckeditor Conjunto de ropa interior t\u00e9rmica para ni\u00f1os y ni\u00f1as, secado r\u00e1pido, ropa interior t\u00e9rmica, camiseta y pantalones deportivos. 100% nuevo. Apto para ni\u00f1os y ni\u00f1as. Material: 90 % poli\u00e9ster, 10 % elastano. Temporada: primavera, verano, oto\u00f1o e invierno. Color: negro, gris, verde. Caracter\u00edsticas: transpirable, transpirable. Tallas: 22, 24, 26, 28, 30, 34 As different [&hellip;]<\/p>\n","protected":false},"featured_media":87490,"comment_status":"open","ping_status":"closed","template":"","meta":{"jetpack_publicize_message":"","jetpack_publicize_feature_enabled":true,"jetpack_social_post_already_shared":true,"jetpack_social_options":{"image_generator_settings":{"template":"highway","enabled":false},"version":2}},"product_brand":[],"product_cat":[71,62],"product_tag":[],"class_list":{"0":"post-87399","1":"product","2":"type-product","3":"status-publish","4":"has-post-thumbnail","6":"product_cat-hombre-primera","7":"product_cat-vestuario-hombre","9":"first","10":"instock","11":"taxable","12":"shipping-taxable","13":"purchasable","14":"product-type-variable"},"jetpack_publicize_connections":[],"jetpack_sharing_enabled":true,"_links":{"self":[{"href":"https:\/\/bodegaoutdoor.cl\/store\/wp-json\/wp\/v2\/product\/87399","targetHints":{"allow":["GET"]}}],"collection":[{"href":"https:\/\/bodegaoutdoor.cl\/store\/wp-json\/wp\/v2\/product"}],"about":[{"href":"https:\/\/bodegaoutdoor.cl\/store\/wp-json\/wp\/v2\/types\/product"}],"replies":[{"embeddable":true,"href":"https:\/\/bodegaoutdoor.cl\/store\/wp-json\/wp\/v2\/comments?post=87399"}],"version-history":[{"count":48,"href":"https:\/\/bodegaoutdoor.cl\/store\/wp-json\/wp\/v2\/product\/87399\/revisions"}],"predecessor-version":[{"id":87611,"href":"https:\/\/bodegaoutdoor.cl\/store\/wp-json\/wp\/v2\/product\/87399\/revisions\/87611"}],"wp:featuredmedia":[{"embeddable":true,"href":"https:\/\/bodegaoutdoor.cl\/store\/wp-json\/wp\/v2\/media\/87490"}],"wp:attachment":[{"href":"https:\/\/bodegaoutdoor.cl\/store\/wp-json\/wp\/v2\/media?parent=87399"}],"wp:term":[{"taxonomy":"product_brand","embeddable":true,"href":"https:\/\/bodegaoutdoor.cl\/store\/wp-json\/wp\/v2\/product_brand?post=87399"},{"taxonomy":"product_cat","embeddable":true,"href":"https:\/\/bodegaoutdoor.cl\/store\/wp-json\/wp\/v2\/product_cat?post=87399"},{"taxonomy":"product_tag","embeddable":true,"href":"https:\/\/bodegaoutdoor.cl\/store\/wp-json\/wp\/v2\/product_tag?post=87399"}],"curies":[{"name":"wp","href":"https:\/\/api.w.org\/{rel}","templated":true}]}}