{"id":87917,"date":"2025-12-10T12:25:24","date_gmt":"2025-12-10T15:25:24","guid":{"rendered":"https:\/\/bodegaoutdoor.cl\/store\/?post_type=product&#038;p=87917"},"modified":"2025-12-10T12:43:15","modified_gmt":"2025-12-10T15:43:15","slug":"cuerda-de-escalada-desert-fox-cuerda-de-emergencia-para-exteriores-10m-20m-30m-50m","status":"publish","type":"product","link":"https:\/\/bodegaoutdoor.cl\/store\/product\/cuerda-de-escalada-desert-fox-cuerda-de-emergencia-para-exteriores-10m-20m-30m-50m\/","title":{"rendered":"Cuerda de escalada Desert &#038; Fox, cuerda de emergencia para exteriores, 10m\/20m\/30m\/50m, resistente al desgaste, 9mm de di\u00e1metro alta resistencia"},"content":{"rendered":"<p>Descripci\u00f3n<br \/>\nDenunciar art\u00edculo<br \/>\nCaracter\u00edstica:<\/p>\n<p>1.Material duradero: hecho de 18 n\u00facleos de nailon y una carcasa gruesa.<\/p>\n<p>2.Longitud: Hay 10 m (32,8 pies), 20 m (65,6 pies), 30 m (98,4 pies), 50 m (164 pies).<\/p>\n<p>3.Ligero: peso neto de aproximadamente 38 g\/m, cuerda est\u00e1tica de baja ductilidad.<\/p>\n<p>4.Alta resistencia: puede soportar alrededor de 1100 libras (500 kg).<\/p>\n<p>&nbsp;<\/p>\n<p>Especificaciones del art\u00edculo:<\/p>\n<p>Nombre del producto: cuerda de camping<\/p>\n<p>Material: 18 hilos de nailon compartidos y una carcasa gruesa<\/p>\n<p>Peso neto: 38 g\/m<\/p>\n<p>Di\u00e1metro: 9 mm<\/p>\n<p><img decoding=\"async\" title=\"Desert&amp;Fox Climbing Rope Outdoor Emergency Rope 10m\/20m\/30m\/50m Wear Resistant 9mm Diameter High Strength Hiking Accessory Tool\" src=\"https:\/\/bodegaoutdoor.cl\/store\/wp-content\/uploads\/2025\/12\/87917-2xegwl.jpg\" alt=\"Desert&amp;Fox Climbing Rope Outdoor Emergency Rope 10m\/20m\/30m\/50m Wear Resistant 9mm Diameter High Strength Hiking Accessory Tool\" \/><img decoding=\"async\" title=\"Desert&amp;Fox Climbing Rope Outdoor Emergency Rope 10m\/20m\/30m\/50m Wear Resistant 9mm Diameter High Strength Hiking Accessory Tool\" src=\"https:\/\/bodegaoutdoor.cl\/store\/wp-content\/uploads\/2025\/12\/87917-wu0vmy.jpg\" alt=\"Desert&amp;Fox Climbing Rope Outdoor Emergency Rope 10m\/20m\/30m\/50m Wear Resistant 9mm Diameter High Strength Hiking Accessory Tool\" \/><img decoding=\"async\" title=\"Desert&amp;Fox Climbing Rope Outdoor Emergency Rope 10m\/20m\/30m\/50m Wear Resistant 9mm Diameter High Strength Hiking Accessory Tool\" src=\"https:\/\/bodegaoutdoor.cl\/store\/wp-content\/uploads\/2025\/12\/87917-xjxm1k.jpg\" alt=\"Desert&amp;Fox Climbing Rope Outdoor Emergency Rope 10m\/20m\/30m\/50m Wear Resistant 9mm Diameter High Strength Hiking Accessory Tool\" \/><img decoding=\"async\" title=\"Desert&amp;Fox Climbing Rope Outdoor Emergency Rope 10m\/20m\/30m\/50m Wear Resistant 9mm Diameter High Strength Hiking Accessory Tool\" src=\"https:\/\/bodegaoutdoor.cl\/store\/wp-content\/uploads\/2025\/12\/87917-jgtq28.jpg\" alt=\"Desert&amp;Fox Climbing Rope Outdoor Emergency Rope 10m\/20m\/30m\/50m Wear Resistant 9mm Diameter High Strength Hiking Accessory Tool\" \/><img decoding=\"async\" title=\"Desert&amp;Fox Climbing Rope Outdoor Emergency Rope 10m\/20m\/30m\/50m Wear Resistant 9mm Diameter High Strength Hiking Accessory Tool\" src=\"https:\/\/bodegaoutdoor.cl\/store\/wp-content\/uploads\/2025\/12\/87917-0ibhtd.jpg\" alt=\"Desert&amp;Fox Climbing Rope Outdoor Emergency Rope 10m\/20m\/30m\/50m Wear Resistant 9mm Diameter High Strength Hiking Accessory Tool\" \/><\/p>\n<div><\/div>\n<p>&nbsp;<\/p>\n\n    <div class=\"xs_social_share_widget xs_share_url after_content \t\tmain_content  wslu-style-1 wslu-share-box-shaped wslu-fill-colored wslu-none wslu-share-horizontal wslu-theme-font-no wslu-main_content\">\n\n\t\t\n        <ul>\n\t\t\t        <\/ul>\n    <\/div> \n","protected":false},"excerpt":{"rendered":"<p>Descripci\u00f3n Denunciar art\u00edculo Caracter\u00edstica: 1.Material duradero: hecho de 18 n\u00facleos de nailon y una carcasa gruesa. 2.Longitud: Hay 10 m (32,8 pies), 20 m (65,6 pies), 30 m (98,4 pies), 50 m (164 pies). 3.Ligero: peso neto de aproximadamente 38 g\/m, cuerda est\u00e1tica de baja ductilidad. 4.Alta resistencia: puede soportar alrededor de 1100 libras (500 [&hellip;]<\/p>\n","protected":false},"featured_media":87922,"comment_status":"open","ping_status":"closed","template":"","meta":{"jetpack_publicize_message":"","jetpack_publicize_feature_enabled":true,"jetpack_social_post_already_shared":true,"jetpack_social_options":{"image_generator_settings":{"template":"highway","enabled":false},"version":2}},"product_brand":[],"product_cat":[777],"product_tag":[],"class_list":{"0":"post-87917","1":"product","2":"type-product","3":"status-publish","4":"has-post-thumbnail","6":"product_cat-sos-kits","8":"first","9":"instock","10":"taxable","11":"shipping-taxable","12":"purchasable","13":"product-type-variable"},"jetpack_publicize_connections":[],"jetpack_sharing_enabled":true,"_links":{"self":[{"href":"https:\/\/bodegaoutdoor.cl\/store\/wp-json\/wp\/v2\/product\/87917","targetHints":{"allow":["GET"]}}],"collection":[{"href":"https:\/\/bodegaoutdoor.cl\/store\/wp-json\/wp\/v2\/product"}],"about":[{"href":"https:\/\/bodegaoutdoor.cl\/store\/wp-json\/wp\/v2\/types\/product"}],"replies":[{"embeddable":true,"href":"https:\/\/bodegaoutdoor.cl\/store\/wp-json\/wp\/v2\/comments?post=87917"}],"version-history":[{"count":12,"href":"https:\/\/bodegaoutdoor.cl\/store\/wp-json\/wp\/v2\/product\/87917\/revisions"}],"predecessor-version":[{"id":87948,"href":"https:\/\/bodegaoutdoor.cl\/store\/wp-json\/wp\/v2\/product\/87917\/revisions\/87948"}],"wp:featuredmedia":[{"embeddable":true,"href":"https:\/\/bodegaoutdoor.cl\/store\/wp-json\/wp\/v2\/media\/87922"}],"wp:attachment":[{"href":"https:\/\/bodegaoutdoor.cl\/store\/wp-json\/wp\/v2\/media?parent=87917"}],"wp:term":[{"taxonomy":"product_brand","embeddable":true,"href":"https:\/\/bodegaoutdoor.cl\/store\/wp-json\/wp\/v2\/product_brand?post=87917"},{"taxonomy":"product_cat","embeddable":true,"href":"https:\/\/bodegaoutdoor.cl\/store\/wp-json\/wp\/v2\/product_cat?post=87917"},{"taxonomy":"product_tag","embeddable":true,"href":"https:\/\/bodegaoutdoor.cl\/store\/wp-json\/wp\/v2\/product_tag?post=87917"}],"curies":[{"name":"wp","href":"https:\/\/api.w.org\/{rel}","templated":true}]}}