{"id":87978,"date":"2025-12-11T14:06:35","date_gmt":"2025-12-11T17:06:35","guid":{"rendered":"https:\/\/bodegaoutdoor.cl\/store\/?post_type=product&#038;p=87978"},"modified":"2025-12-11T14:28:09","modified_gmt":"2025-12-11T17:28:09","slug":"botiquines-de-primeros-auxilios-mochilas-de-rescate-de-gran-capacidad","status":"publish","type":"product","link":"https:\/\/bodegaoutdoor.cl\/store\/product\/botiquines-de-primeros-auxilios-mochilas-de-rescate-de-gran-capacidad\/","title":{"rendered":"Botiquines de primeros auxilios, mochilas de rescate de gran capacidad"},"content":{"rendered":"<div>\n<div><\/div>\n<div>\n<div>\n<div>\n<div><strong id=\"tl_1\">Detalle del producto:<\/strong><\/div>\n<div><\/div>\n<div>\n<div>\n<div>\n<div>\n<div>\n<div>\n<div>\n<div>\n<div>\n<p><span id=\"tl_2\">Tama\u00f1o: 44*36*20 CM (puede ser plegable)<\/span><\/p>\n<p><span id=\"tl_3\">Color rojo<\/span><\/p>\n<p><span id=\"tl_4\">Material: tela Oxford impermeable<\/span><\/p>\n<p><span id=\"tl_5\">Funci\u00f3n: Dedicado a atenci\u00f3n m\u00e9dica, emergencias al aire libre, rescate de terremotos, etc.<\/span><\/p>\n<div><\/div>\n<p><strong id=\"tl_6\">Caracter\u00edsticas:<\/strong><\/p>\n<p><span id=\"tl_7\">1.Puede hacer frente a diversas ocasiones y lesiones accidentales repentinas.<\/span><\/p>\n<p><span id=\"tl_8\">2.Separaci\u00f3n multicapa, almacenamiento conveniente, almacenamiento de clasificaci\u00f3n cient\u00edfica.<\/span><\/p>\n<p><span id=\"tl_9\">3.Tejido repelente al agua de alta densidad, textura estrictamente seleccionada y tejidos resistentes al desgaste, textura clara y f\u00e1cil cuidado, tela Oxford, sin miedo a la lluvia ni a la nieve.<\/span><span id=\"tl_10\">4.Dise\u00f1o de tira reflectante de seguridad, luz reflejada en la oscuridad para mejorar la seguridad de los viajes nocturnos.<\/span><\/p>\n<\/div>\n<div>\n<p><span id=\"tl_11\">Paquete incluido:<\/span><\/p>\n<p id=\"tl_12\">1x mochila (solo bolsa)<\/p>\n<\/div>\n<\/div>\n<\/div>\n<\/div>\n<\/div>\n<\/div>\n<\/div>\n<\/div>\n<\/div>\n<\/div>\n<div>\n<div>\n<div>\n<div>\n<div>\n<div>\n<div>\n<div>\n<div>\n<div><\/div>\n<p style=\"font-family: OpenSans; font-size: 14px; font-weight: 300; line-height: 20px; margin-bottom: 12px;\"><img decoding=\"async\" style=\"width: 800px; height: 800px;\" title=\"First Aid Kits Emergency Foldable Rescue Backpacks Large Capacity Sorted Storage Outdoor Camping Survival Kits Medical Kits\" src=\"https:\/\/bodegaoutdoor.cl\/store\/wp-content\/uploads\/2025\/12\/87978-wej6zw.jpg\" alt=\"First Aid Kits Emergency Foldable Rescue Backpacks Large Capacity Sorted Storage Outdoor Camping Survival Kits Medical Kits\" width=\"800px\" height=\"800px\" \/><img decoding=\"async\" style=\"width: 800px; height: 800px;\" title=\"First Aid Kits Emergency Foldable Rescue Backpacks Large Capacity Sorted Storage Outdoor Camping Survival Kits Medical Kits\" src=\"https:\/\/bodegaoutdoor.cl\/store\/wp-content\/uploads\/2025\/12\/87978-101xht.jpg\" alt=\"First Aid Kits Emergency Foldable Rescue Backpacks Large Capacity Sorted Storage Outdoor Camping Survival Kits Medical Kits\" width=\"800px\" height=\"800px\" \/><\/p>\n<div><\/div>\n<div>\n<p>&nbsp;<\/p>\n<\/div>\n<div><\/div>\n<p style=\"font-family: OpenSans; font-size: 14px; font-weight: 300; line-height: 20px; margin-bottom: 12px;\"><img decoding=\"async\" style=\"width: 800px; height: 800px;\" title=\"First Aid Kits Emergency Foldable Rescue Backpacks Large Capacity Sorted Storage Outdoor Camping Survival Kits Medical Kits\" src=\"https:\/\/bodegaoutdoor.cl\/store\/wp-content\/uploads\/2025\/12\/87978-nxpbx2.jpg\" alt=\"First Aid Kits Emergency Foldable Rescue Backpacks Large Capacity Sorted Storage Outdoor Camping Survival Kits Medical Kits\" width=\"800px\" height=\"800px\" \/><img decoding=\"async\" style=\"width: 800px; height: 800px;\" title=\"First Aid Kits Emergency Foldable Rescue Backpacks Large Capacity Sorted Storage Outdoor Camping Survival Kits Medical Kits\" src=\"https:\/\/bodegaoutdoor.cl\/store\/wp-content\/uploads\/2025\/12\/87978-wlc8pi.jpg\" alt=\"First Aid Kits Emergency Foldable Rescue Backpacks Large Capacity Sorted Storage Outdoor Camping Survival Kits Medical Kits\" width=\"800px\" height=\"800px\" \/><img decoding=\"async\" style=\"width: 800px; height: 800px;\" title=\"First Aid Kits Emergency Foldable Rescue Backpacks Large Capacity Sorted Storage Outdoor Camping Survival Kits Medical Kits\" src=\"https:\/\/bodegaoutdoor.cl\/store\/wp-content\/uploads\/2025\/12\/87978-c9fowx.jpg\" alt=\"First Aid Kits Emergency Foldable Rescue Backpacks Large Capacity Sorted Storage Outdoor Camping Survival Kits Medical Kits\" width=\"800px\" height=\"800px\" \/><img decoding=\"async\" style=\"width: 800px; height: 800px;\" title=\"First Aid Kits Emergency Foldable Rescue Backpacks Large Capacity Sorted Storage Outdoor Camping Survival Kits Medical Kits\" src=\"https:\/\/bodegaoutdoor.cl\/store\/wp-content\/uploads\/2025\/12\/87978-nsmuvd.jpg\" alt=\"First Aid Kits Emergency Foldable Rescue Backpacks Large Capacity Sorted Storage Outdoor Camping Survival Kits Medical Kits\" width=\"800px\" height=\"800px\" \/><\/p>\n<div><\/div>\n<div>\n<p>&nbsp;<\/p>\n<\/div>\n<div><\/div>\n<\/div>\n<div><\/div>\n<div>\n<p>&nbsp;<\/p>\n<\/div>\n<div><\/div>\n<\/div>\n<div><\/div>\n<div>\n<p>&nbsp;<\/p>\n<\/div>\n<div><\/div>\n<p><img decoding=\"async\" style=\"width: 800px; height: 800px;\" title=\"First Aid Kits Emergency Foldable Rescue Backpacks Large Capacity Sorted Storage Outdoor Camping Survival Kits Medical Kits\" src=\"https:\/\/bodegaoutdoor.cl\/store\/wp-content\/uploads\/2025\/12\/87978-bf8sif.jpg\" alt=\"First Aid Kits Emergency Foldable Rescue Backpacks Large Capacity Sorted Storage Outdoor Camping Survival Kits Medical Kits\" width=\"800px\" height=\"800px\" \/><img decoding=\"async\" style=\"width: 800px; height: 800px;\" title=\"First Aid Kits Emergency Foldable Rescue Backpacks Large Capacity Sorted Storage Outdoor Camping Survival Kits Medical Kits\" src=\"https:\/\/bodegaoutdoor.cl\/store\/wp-content\/uploads\/2025\/12\/87978-jxne4q.jpg\" alt=\"First Aid Kits Emergency Foldable Rescue Backpacks Large Capacity Sorted Storage Outdoor Camping Survival Kits Medical Kits\" width=\"800px\" height=\"800px\" \/><img decoding=\"async\" style=\"width: 800px; height: 800px;\" title=\"First Aid Kits Emergency Foldable Rescue Backpacks Large Capacity Sorted Storage Outdoor Camping Survival Kits Medical Kits\" src=\"https:\/\/bodegaoutdoor.cl\/store\/wp-content\/uploads\/2025\/12\/87978-wvn7ht.jpg\" alt=\"First Aid Kits Emergency Foldable Rescue Backpacks Large Capacity Sorted Storage Outdoor Camping Survival Kits Medical Kits\" width=\"800px\" height=\"800px\" \/><img decoding=\"async\" style=\"width: 800px; height: 800px;\" title=\"First Aid Kits Emergency Foldable Rescue Backpacks Large Capacity Sorted Storage Outdoor Camping Survival Kits Medical Kits\" src=\"https:\/\/bodegaoutdoor.cl\/store\/wp-content\/uploads\/2025\/12\/87978-1i15p1.jpg\" alt=\"First Aid Kits Emergency Foldable Rescue Backpacks Large Capacity Sorted Storage Outdoor Camping Survival Kits Medical Kits\" width=\"800px\" height=\"800px\" \/><img decoding=\"async\" style=\"width: 800px; height: 800px;\" title=\"First Aid Kits Emergency Foldable Rescue Backpacks Large Capacity Sorted Storage Outdoor Camping Survival Kits Medical Kits\" src=\"https:\/\/bodegaoutdoor.cl\/store\/wp-content\/uploads\/2025\/12\/87978-xt5lcw.jpg\" alt=\"First Aid Kits Emergency Foldable Rescue Backpacks Large Capacity Sorted Storage Outdoor Camping Survival Kits Medical Kits\" width=\"800px\" height=\"800px\" \/><\/p>\n<div><\/div>\n<div>\n<p>&nbsp;<\/p>\n<\/div>\n<div><\/div>\n<\/div>\n<div><\/div>\n<div>\n<p>&nbsp;<\/p>\n<\/div>\n<div><\/div>\n<\/div>\n<div><\/div>\n<div>\n<p>&nbsp;<\/p>\n<\/div>\n<div><\/div>\n<\/div>\n<div><\/div>\n<div>\n<p>&nbsp;<\/p>\n<\/div>\n<div><\/div>\n<\/div>\n<div><\/div>\n<div>\n<p>&nbsp;<\/p>\n<\/div>\n<div><\/div>\n<\/div>\n<div><\/div>\n<div>\n<p>&nbsp;<\/p>\n<\/div>\n<div><\/div>\n<\/div>\n<div><\/div>\n<div>\n<p>&nbsp;<\/p>\n<\/div>\n<div><\/div>\n<\/div>\n<div><\/div>\n<div>\n<p>&nbsp;<\/p>\n<\/div>\n<div><\/div>\n<\/div>\n<div><\/div>\n<\/div>\n<div>\n<p>&nbsp;<\/p>\n<\/div>\n<\/div>\n<p>&nbsp;<\/p>\n\n    <div class=\"xs_social_share_widget xs_share_url after_content \t\tmain_content  wslu-style-1 wslu-share-box-shaped wslu-fill-colored wslu-none wslu-share-horizontal wslu-theme-font-no wslu-main_content\">\n\n\t\t\n        <ul>\n\t\t\t        <\/ul>\n    <\/div> \n","protected":false},"excerpt":{"rendered":"<p>Detalle del producto: Tama\u00f1o: 44*36*20 CM (puede ser plegable) Color rojo Material: tela Oxford impermeable Funci\u00f3n: Dedicado a atenci\u00f3n m\u00e9dica, emergencias al aire libre, rescate de terremotos, etc. Caracter\u00edsticas: 1.Puede hacer frente a diversas ocasiones y lesiones accidentales repentinas. 2.Separaci\u00f3n multicapa, almacenamiento conveniente, almacenamiento de clasificaci\u00f3n cient\u00edfica. 3.Tejido repelente al agua de alta densidad, textura [&hellip;]<\/p>\n","protected":false},"featured_media":87980,"comment_status":"open","ping_status":"closed","template":"","meta":{"jetpack_publicize_message":"","jetpack_publicize_feature_enabled":true,"jetpack_social_post_already_shared":true,"jetpack_social_options":{"image_generator_settings":{"template":"highway","enabled":false},"version":2}},"product_brand":[],"product_cat":[777],"product_tag":[],"class_list":{"0":"post-87978","1":"product","2":"type-product","3":"status-publish","4":"has-post-thumbnail","6":"product_cat-sos-kits","8":"first","9":"instock","10":"taxable","11":"shipping-taxable","12":"purchasable","13":"product-type-simple"},"jetpack_publicize_connections":[],"jetpack_sharing_enabled":true,"_links":{"self":[{"href":"https:\/\/bodegaoutdoor.cl\/store\/wp-json\/wp\/v2\/product\/87978","targetHints":{"allow":["GET"]}}],"collection":[{"href":"https:\/\/bodegaoutdoor.cl\/store\/wp-json\/wp\/v2\/product"}],"about":[{"href":"https:\/\/bodegaoutdoor.cl\/store\/wp-json\/wp\/v2\/types\/product"}],"replies":[{"embeddable":true,"href":"https:\/\/bodegaoutdoor.cl\/store\/wp-json\/wp\/v2\/comments?post=87978"}],"version-history":[{"count":14,"href":"https:\/\/bodegaoutdoor.cl\/store\/wp-json\/wp\/v2\/product\/87978\/revisions"}],"predecessor-version":[{"id":88101,"href":"https:\/\/bodegaoutdoor.cl\/store\/wp-json\/wp\/v2\/product\/87978\/revisions\/88101"}],"wp:featuredmedia":[{"embeddable":true,"href":"https:\/\/bodegaoutdoor.cl\/store\/wp-json\/wp\/v2\/media\/87980"}],"wp:attachment":[{"href":"https:\/\/bodegaoutdoor.cl\/store\/wp-json\/wp\/v2\/media?parent=87978"}],"wp:term":[{"taxonomy":"product_brand","embeddable":true,"href":"https:\/\/bodegaoutdoor.cl\/store\/wp-json\/wp\/v2\/product_brand?post=87978"},{"taxonomy":"product_cat","embeddable":true,"href":"https:\/\/bodegaoutdoor.cl\/store\/wp-json\/wp\/v2\/product_cat?post=87978"},{"taxonomy":"product_tag","embeddable":true,"href":"https:\/\/bodegaoutdoor.cl\/store\/wp-json\/wp\/v2\/product_tag?post=87978"}],"curies":[{"name":"wp","href":"https:\/\/api.w.org\/{rel}","templated":true}]}}