{"id":88131,"date":"2025-12-11T16:05:15","date_gmt":"2025-12-11T19:05:15","guid":{"rendered":"https:\/\/bodegaoutdoor.cl\/store\/?post_type=product&#038;p=88131"},"modified":"2025-12-11T16:33:33","modified_gmt":"2025-12-11T19:33:33","slug":"bolso-rinonera-sos-bolsa-de-primeros-auxilios-almacenamiento-medico-organizador-medico-supervivencia","status":"publish","type":"product","link":"https:\/\/bodegaoutdoor.cl\/store\/product\/bolso-rinonera-sos-bolsa-de-primeros-auxilios-almacenamiento-medico-organizador-medico-supervivencia\/","title":{"rendered":"Bolso Ri\u00f1onera SOS, bolsa de primeros auxilios, almacenamiento m\u00e9dico, organizador m\u00e9dico, supervivencia"},"content":{"rendered":"<div align=\"start\"><\/div>\n<div align=\"start\">\n<div style=\"margin: 0px; padding: 0px; overflow: hidden; position: relative;\">\n<div style=\"margin: 0px; padding: 0px;\">\n<div id=\"product-description\" style=\"margin: 0px; padding: 0px; max-width: 944px; overflow: hidden; position: relative;\">\n<div style=\"margin: 0px; padding: 0px;\">\n<div style=\"margin: 0px; padding: 0px;\">\n<div style=\"margin: 0px; padding: 0px;\">\n<div style=\"margin: 0px; padding: 0px;\">\n<div style=\"margin: 0px; padding: 0px;\">\n<div style=\"margin: 0px; padding: 0px; width: 790px;\"><img decoding=\"async\" style=\"border: 0px; margin: 0px; padding: 0px; max-width: 100%;\" title=\"Empty Rescue Waist Bag First Aid Bag For Camping Travel Medical Storage Medical Organizer Outdoor Emergency Survival Running\" src=\"https:\/\/bodegaoutdoor.cl\/store\/wp-content\/uploads\/2025\/12\/88131-krxtix.jpg\" alt=\"Empty Rescue Waist Bag First Aid Bag For Camping Travel Medical Storage Medical Organizer Outdoor Emergency Survival Running\" \/><img decoding=\"async\" style=\"border: 0px; margin: 0px; padding: 0px; max-width: 100%;\" title=\"Empty Rescue Waist Bag First Aid Bag For Camping Travel Medical Storage Medical Organizer Outdoor Emergency Survival Running\" src=\"https:\/\/bodegaoutdoor.cl\/store\/wp-content\/uploads\/2025\/12\/88131-wzyjy6.jpg\" alt=\"Empty Rescue Waist Bag First Aid Bag For Camping Travel Medical Storage Medical Organizer Outdoor Emergency Survival Running\" \/><img decoding=\"async\" style=\"border: 0px; margin: 0px; padding: 0px; max-width: 100%;\" title=\"Empty Rescue Waist Bag First Aid Bag For Camping Travel Medical Storage Medical Organizer Outdoor Emergency Survival Running\" src=\"https:\/\/bodegaoutdoor.cl\/store\/wp-content\/uploads\/2025\/12\/88131-znwmai.jpg\" alt=\"Empty Rescue Waist Bag First Aid Bag For Camping Travel Medical Storage Medical Organizer Outdoor Emergency Survival Running\" \/><img decoding=\"async\" style=\"border: 0px; margin: 0px; padding: 0px; max-width: 100%;\" title=\"Empty Rescue Waist Bag First Aid Bag For Camping Travel Medical Storage Medical Organizer Outdoor Emergency Survival Running\" src=\"https:\/\/bodegaoutdoor.cl\/store\/wp-content\/uploads\/2025\/12\/88131-o0rcwv.jpg\" alt=\"Empty Rescue Waist Bag First Aid Bag For Camping Travel Medical Storage Medical Organizer Outdoor Emergency Survival Running\" \/><img decoding=\"async\" style=\"border: 0px; margin: 0px; padding: 0px; max-width: 100%;\" title=\"Empty Rescue Waist Bag First Aid Bag For Camping Travel Medical Storage Medical Organizer Outdoor Emergency Survival Running\" src=\"https:\/\/bodegaoutdoor.cl\/store\/wp-content\/uploads\/2025\/12\/88131-afavrb.jpg\" alt=\"Empty Rescue Waist Bag First Aid Bag For Camping Travel Medical Storage Medical Organizer Outdoor Emergency Survival Running\" \/><img decoding=\"async\" style=\"border: 0px; margin: 0px; padding: 0px; max-width: 100%;\" title=\"Empty Rescue Waist Bag First Aid Bag For Camping Travel Medical Storage Medical Organizer Outdoor Emergency Survival Running\" src=\"https:\/\/bodegaoutdoor.cl\/store\/wp-content\/uploads\/2025\/12\/88131-doeech.jpg\" alt=\"Empty Rescue Waist Bag First Aid Bag For Camping Travel Medical Storage Medical Organizer Outdoor Emergency Survival Running\" \/><img decoding=\"async\" style=\"border: 0px; margin: 0px; padding: 0px; max-width: 100%; width: 790px; height: auto;\" title=\"Empty Rescue Waist Bag First Aid Bag For Camping Travel Medical Storage Medical Organizer Outdoor Emergency Survival Running\" src=\"https:\/\/bodegaoutdoor.cl\/store\/wp-content\/uploads\/2025\/12\/88131-tvzfxd.jpg\" alt=\"Empty Rescue Waist Bag First Aid Bag For Camping Travel Medical Storage Medical Organizer Outdoor Emergency Survival Running\" usemap=\"#_sdmap_6\" width=\"790px\" height=\"auto\" \/><\/div>\n<\/div>\n<\/div>\n<\/div>\n<\/div>\n<\/div>\n<\/div>\n<\/div>\n<\/div>\n<\/div>\n<p>&nbsp;<\/p>\n\n    <div class=\"xs_social_share_widget xs_share_url after_content \t\tmain_content  wslu-style-1 wslu-share-box-shaped wslu-fill-colored wslu-none wslu-share-horizontal wslu-theme-font-no wslu-main_content\">\n\n\t\t\n        <ul>\n\t\t\t        <\/ul>\n    <\/div> \n","protected":false},"excerpt":{"rendered":"<p>&nbsp;<\/p>\n","protected":false},"featured_media":88132,"comment_status":"open","ping_status":"closed","template":"","meta":{"jetpack_publicize_message":"","jetpack_publicize_feature_enabled":true,"jetpack_social_post_already_shared":true,"jetpack_social_options":{"image_generator_settings":{"template":"highway","enabled":false},"version":2}},"product_brand":[],"product_cat":[777],"product_tag":[],"class_list":{"0":"post-88131","1":"product","2":"type-product","3":"status-publish","4":"has-post-thumbnail","6":"product_cat-sos-kits","8":"first","9":"instock","10":"taxable","11":"shipping-taxable","12":"purchasable","13":"product-type-simple"},"jetpack_publicize_connections":[],"jetpack_sharing_enabled":true,"_links":{"self":[{"href":"https:\/\/bodegaoutdoor.cl\/store\/wp-json\/wp\/v2\/product\/88131","targetHints":{"allow":["GET"]}}],"collection":[{"href":"https:\/\/bodegaoutdoor.cl\/store\/wp-json\/wp\/v2\/product"}],"about":[{"href":"https:\/\/bodegaoutdoor.cl\/store\/wp-json\/wp\/v2\/types\/product"}],"replies":[{"embeddable":true,"href":"https:\/\/bodegaoutdoor.cl\/store\/wp-json\/wp\/v2\/comments?post=88131"}],"version-history":[{"count":10,"href":"https:\/\/bodegaoutdoor.cl\/store\/wp-json\/wp\/v2\/product\/88131\/revisions"}],"predecessor-version":[{"id":88156,"href":"https:\/\/bodegaoutdoor.cl\/store\/wp-json\/wp\/v2\/product\/88131\/revisions\/88156"}],"wp:featuredmedia":[{"embeddable":true,"href":"https:\/\/bodegaoutdoor.cl\/store\/wp-json\/wp\/v2\/media\/88132"}],"wp:attachment":[{"href":"https:\/\/bodegaoutdoor.cl\/store\/wp-json\/wp\/v2\/media?parent=88131"}],"wp:term":[{"taxonomy":"product_brand","embeddable":true,"href":"https:\/\/bodegaoutdoor.cl\/store\/wp-json\/wp\/v2\/product_brand?post=88131"},{"taxonomy":"product_cat","embeddable":true,"href":"https:\/\/bodegaoutdoor.cl\/store\/wp-json\/wp\/v2\/product_cat?post=88131"},{"taxonomy":"product_tag","embeddable":true,"href":"https:\/\/bodegaoutdoor.cl\/store\/wp-json\/wp\/v2\/product_tag?post=88131"}],"curies":[{"name":"wp","href":"https:\/\/api.w.org\/{rel}","templated":true}]}}