{"id":9211,"date":"2020-07-30T21:22:03","date_gmt":"2020-07-30T21:22:03","guid":{"rendered":"https:\/\/bodegaoutdoor.cl\/store\/product\/cateye-ordenador-para-bicicleta-velocimetro-inalambrico-analogico-resistente-al-agua-cronometro-soporte-frontal-integrado-ordenador\/"},"modified":"2023-05-04T19:19:32","modified_gmt":"2023-05-04T23:19:32","slug":"cateye-ordenador-para-bicicleta-velocimetro-inalambrico-analogico-resistente-al-agua-cronometro-soporte-frontal-integrado-ordenador","status":"publish","type":"product","link":"https:\/\/bodegaoutdoor.cl\/store\/product\/cateye-ordenador-para-bicicleta-velocimetro-inalambrico-analogico-resistente-al-agua-cronometro-soporte-frontal-integrado-ordenador\/","title":{"rendered":"Veloc\u00edmetro inal\u00e1mbrico anal\u00f3gico, resistente al agua, cron\u00f3metro, soporte frontal Outdoor"},"content":{"rendered":"<p style=\"text-align: center;\"><video style=\"max-width: 100%;\" src=\"\/\/cloud.video.taobao.com\/play\/u\/3085574915\/p\/1\/e\/6\/t\/10301\/50277532592.mp4\" poster=\"https:\/\/ae01.alicdn.com\/kf\/H9f952bb7d9de436cb47851cbcbd2414c7\/CATEYE-ordenador-para-bicicleta-veloc-metro-inal-mbrico-anal-gico-resistente-al-agua-cron-metro-soporte.jpg,https:\/\/ae01.alicdn.com\/kf\/H074c2a7f3916451dbeed537fabbf8dceb\/CATEYE-ordenador-para-bicicleta-veloc-metro-inal-mbrico-anal-gico-resistente-al-agua-cron-metro-soporte.jpg,https:\/\/ae01.alicdn.com\/kf\/HTB1m78BcjfguuRjSszcq6zb7FXaI\/CATEYE-ordenador-para-bicicleta-veloc-metro-inal-mbrico-anal-gico-resistente-al-agua-cron-metro-soporte.jpg,https:\/\/ae01.alicdn.com\/kf\/HTB13t0DcjrguuRjy0Feq6xcbFXa7\/CATEYE-ordenador-para-bicicleta-veloc-metro-inal-mbrico-anal-gico-resistente-al-agua-cron-metro-soporte.jpg,https:\/\/ae01.alicdn.com\/kf\/HTB1.AwGJkOWBuNjSsppq6xPgpXaN\/CATEYE-ordenador-para-bicicleta-veloc-metro-inal-mbrico-anal-gico-resistente-al-agua-cron-metro-soporte.jpg,https:\/\/ae01.alicdn.com\/kf\/HTB1eqgCJf5TBuNjSspmq6yDRVXap\/CATEYE-ordenador-para-bicicleta-veloc-metro-inal-mbrico-anal-gico-resistente-al-agua-cron-metro-soporte.jpg\" preload=\"auto\" controls=\"controls\" width=\"100%\" height=\"100%\"><\/video><\/p>\n<div><\/div>\n<div><\/div>\n<div>\n<div>\n<p><img decoding=\"async\" title=\"CATEYE-ordenador para bicicleta, veloc\u00edmetro inal\u00e1mbrico anal\u00f3gico, resistente al agua, cron\u00f3metro, soporte frontal integrado, ordenador\" src=\"https:\/\/bodegaoutdoor.cl\/store\/wp-content\/uploads\/2020\/07\/9211-nfg8r7.jpg\" alt=\"CATEYE-ordenador para bicicleta, veloc\u00edmetro inal\u00e1mbrico anal\u00f3gico, resistente al agua, cron\u00f3metro, soporte frontal integrado, ordenador\" \/><\/p>\n<div><span style=\"font-size: 18.0px;\">[CC-RS100W]<\/span><\/div>\n<div><\/div>\n<div><span style=\"font-size: 16.0px;\">Inal\u00e1mbrico, resistente a la intemperie y f\u00e1cil de leer, El ciclocomputador r\u00e1pido de dise\u00f1o sleekly con frente integrado<\/span><\/div>\n<div><span style=\"font-size: 16.0px;\">El soporte mide la velocidad y la distancia que te da el borde de tu viaje diario y m\u00e1s all\u00e1.<\/span><\/div>\n<div><\/div>\n<div><span style=\"font-size: 20.0px;\">Las funciones<\/span><\/div>\n<div><\/div>\n<ul>\n<li><span style=\"font-size: 16.0px;\">Corriente\/media\/Velocidad m\u00e1xima<\/span><\/li>\n<li><span style=\"font-size: 16.0px;\">Viaje distancia<\/span><\/li>\n<li><span style=\"font-size: 16.0px;\">Distancia Total<\/span><\/li>\n<li><span style=\"font-size: 16.0px;\">A tiempo<\/span><\/li>\n<li><span style=\"font-size: 16.0px;\">Reloj<\/span><\/li>\n<\/ul>\n<div><\/div>\n<div><span style=\"font-size: 20.0px;\">Caracter\u00edsticas<\/span><\/div>\n<div><\/div>\n<ul>\n<li><span style=\"font-size: 16.0px;\">Inal\u00e1mbricos anal\u00f3gicos<\/span><\/li>\n<li><span style=\"font-size: 16.0px;\">LCD invertido f\u00e1cil de leer<\/span><\/li>\n<li><span style=\"font-size: 16.0px;\">Auto start \/ stop<\/span><\/li>\n<li><span style=\"font-size: 16.0px;\">Pantalla de men\u00fa para cambiar la configuraci\u00f3n<\/span><\/li>\n<li><span style=\"font-size: 16.0px;\">Programable del od\u00f3metro<\/span><\/li>\n<li><span style=\"font-size: 16.0px;\">Indicador de bater\u00eda<\/span><\/li>\n<li><span style=\"font-size: 16.0px;\">Dise\u00f1o elegante con soporte frontal integrado (La unidad principal es extra\u00edble del soporte)<\/span><\/li>\n<\/ul>\n<p><span style=\"font-size: 16.0px;\"><img decoding=\"async\" title=\"CATEYE-ordenador para bicicleta, veloc\u00edmetro inal\u00e1mbrico anal\u00f3gico, resistente al agua, cron\u00f3metro, soporte frontal integrado, ordenador\" src=\"https:\/\/bodegaoutdoor.cl\/store\/wp-content\/uploads\/2020\/07\/9211-zfmixf.jpg\" alt=\"CATEYE-ordenador para bicicleta, veloc\u00edmetro inal\u00e1mbrico anal\u00f3gico, resistente al agua, cron\u00f3metro, soporte frontal integrado, ordenador\" \/><img decoding=\"async\" title=\"CATEYE-ordenador para bicicleta, veloc\u00edmetro inal\u00e1mbrico anal\u00f3gico, resistente al agua, cron\u00f3metro, soporte frontal integrado, ordenador\" src=\"https:\/\/bodegaoutdoor.cl\/store\/wp-content\/uploads\/2020\/07\/9211-uxun3m.jpg\" alt=\"CATEYE-ordenador para bicicleta, veloc\u00edmetro inal\u00e1mbrico anal\u00f3gico, resistente al agua, cron\u00f3metro, soporte frontal integrado, ordenador\" \/><img decoding=\"async\" title=\"CATEYE-ordenador para bicicleta, veloc\u00edmetro inal\u00e1mbrico anal\u00f3gico, resistente al agua, cron\u00f3metro, soporte frontal integrado, ordenador\" src=\"https:\/\/bodegaoutdoor.cl\/store\/wp-content\/uploads\/2020\/07\/9211-i6zgmq.jpg\" alt=\"CATEYE-ordenador para bicicleta, veloc\u00edmetro inal\u00e1mbrico anal\u00f3gico, resistente al agua, cron\u00f3metro, soporte frontal integrado, ordenador\" \/><img decoding=\"async\" title=\"CATEYE-ordenador para bicicleta, veloc\u00edmetro inal\u00e1mbrico anal\u00f3gico, resistente al agua, cron\u00f3metro, soporte frontal integrado, ordenador\" src=\"https:\/\/bodegaoutdoor.cl\/store\/wp-content\/uploads\/2020\/07\/9211-9xvbva.jpg\" alt=\"CATEYE-ordenador para bicicleta, veloc\u00edmetro inal\u00e1mbrico anal\u00f3gico, resistente al agua, cron\u00f3metro, soporte frontal integrado, ordenador\" \/><img decoding=\"async\" title=\"CATEYE-ordenador para bicicleta, veloc\u00edmetro inal\u00e1mbrico anal\u00f3gico, resistente al agua, cron\u00f3metro, soporte frontal integrado, ordenador\" src=\"https:\/\/bodegaoutdoor.cl\/store\/wp-content\/uploads\/2020\/07\/9211-kmd6uz.jpg\" alt=\"CATEYE-ordenador para bicicleta, veloc\u00edmetro inal\u00e1mbrico anal\u00f3gico, resistente al agua, cron\u00f3metro, soporte frontal integrado, ordenador\" \/><img decoding=\"async\" title=\"CATEYE-ordenador para bicicleta, veloc\u00edmetro inal\u00e1mbrico anal\u00f3gico, resistente al agua, cron\u00f3metro, soporte frontal integrado, ordenador\" src=\"https:\/\/bodegaoutdoor.cl\/store\/wp-content\/uploads\/2020\/07\/9211-zq47qu.jpg\" alt=\"CATEYE-ordenador para bicicleta, veloc\u00edmetro inal\u00e1mbrico anal\u00f3gico, resistente al agua, cron\u00f3metro, soporte frontal integrado, ordenador\" \/><img decoding=\"async\" title=\"CATEYE-ordenador para bicicleta, veloc\u00edmetro inal\u00e1mbrico anal\u00f3gico, resistente al agua, cron\u00f3metro, soporte frontal integrado, ordenador\" src=\"https:\/\/bodegaoutdoor.cl\/store\/wp-content\/uploads\/2020\/07\/9211-xpdcli.jpg\" alt=\"CATEYE-ordenador para bicicleta, veloc\u00edmetro inal\u00e1mbrico anal\u00f3gico, resistente al agua, cron\u00f3metro, soporte frontal integrado, ordenador\" \/><img decoding=\"async\" title=\"CATEYE-ordenador para bicicleta, veloc\u00edmetro inal\u00e1mbrico anal\u00f3gico, resistente al agua, cron\u00f3metro, soporte frontal integrado, ordenador\" src=\"https:\/\/bodegaoutdoor.cl\/store\/wp-content\/uploads\/2020\/07\/9211-xfznrh.jpg\" alt=\"CATEYE-ordenador para bicicleta, veloc\u00edmetro inal\u00e1mbrico anal\u00f3gico, resistente al agua, cron\u00f3metro, soporte frontal integrado, ordenador\" \/><\/span><\/p>\n<p>&nbsp;<\/p>\n<\/div>\n<\/div>\n\n    <div class=\"xs_social_share_widget xs_share_url after_content \t\tmain_content  wslu-style-1 wslu-share-box-shaped wslu-fill-colored wslu-none wslu-share-horizontal wslu-theme-font-no wslu-main_content\">\n\n\t\t\n        <ul>\n\t\t\t        <\/ul>\n    <\/div> \n","protected":false},"excerpt":{"rendered":"<p>[CC-RS100W] Inal\u00e1mbrico, resistente a la intemperie y f\u00e1cil de leer, El ciclocomputador r\u00e1pido de dise\u00f1o sleekly con frente integrado El soporte mide la velocidad y la distancia que te da el borde de tu viaje diario y m\u00e1s all\u00e1. Las funciones Corriente\/media\/Velocidad m\u00e1xima Viaje distancia Distancia Total A tiempo Reloj Caracter\u00edsticas Inal\u00e1mbricos anal\u00f3gicos LCD invertido [&hellip;]<\/p>\n","protected":false},"featured_media":9221,"comment_status":"open","ping_status":"closed","template":"","meta":{"jetpack_publicize_message":"","jetpack_publicize_feature_enabled":true,"jetpack_social_post_already_shared":true,"jetpack_social_options":{"image_generator_settings":{"template":"highway","enabled":false},"version":2}},"product_brand":[],"product_cat":[15,64],"product_tag":[],"class_list":{"0":"post-9211","1":"product","2":"type-product","3":"status-publish","4":"has-post-thumbnail","6":"product_cat-otros","7":"product_cat-accessories","9":"first","10":"instock","11":"sale","12":"taxable","13":"shipping-taxable","14":"purchasable","15":"product-type-variable"},"jetpack_publicize_connections":[],"jetpack_sharing_enabled":true,"_links":{"self":[{"href":"https:\/\/bodegaoutdoor.cl\/store\/wp-json\/wp\/v2\/product\/9211","targetHints":{"allow":["GET"]}}],"collection":[{"href":"https:\/\/bodegaoutdoor.cl\/store\/wp-json\/wp\/v2\/product"}],"about":[{"href":"https:\/\/bodegaoutdoor.cl\/store\/wp-json\/wp\/v2\/types\/product"}],"replies":[{"embeddable":true,"href":"https:\/\/bodegaoutdoor.cl\/store\/wp-json\/wp\/v2\/comments?post=9211"}],"version-history":[{"count":1,"href":"https:\/\/bodegaoutdoor.cl\/store\/wp-json\/wp\/v2\/product\/9211\/revisions"}],"predecessor-version":[{"id":71306,"href":"https:\/\/bodegaoutdoor.cl\/store\/wp-json\/wp\/v2\/product\/9211\/revisions\/71306"}],"wp:featuredmedia":[{"embeddable":true,"href":"https:\/\/bodegaoutdoor.cl\/store\/wp-json\/wp\/v2\/media\/9221"}],"wp:attachment":[{"href":"https:\/\/bodegaoutdoor.cl\/store\/wp-json\/wp\/v2\/media?parent=9211"}],"wp:term":[{"taxonomy":"product_brand","embeddable":true,"href":"https:\/\/bodegaoutdoor.cl\/store\/wp-json\/wp\/v2\/product_brand?post=9211"},{"taxonomy":"product_cat","embeddable":true,"href":"https:\/\/bodegaoutdoor.cl\/store\/wp-json\/wp\/v2\/product_cat?post=9211"},{"taxonomy":"product_tag","embeddable":true,"href":"https:\/\/bodegaoutdoor.cl\/store\/wp-json\/wp\/v2\/product_tag?post=9211"}],"curies":[{"name":"wp","href":"https:\/\/api.w.org\/{rel}","templated":true}]}}