{"id":9599,"date":"2020-08-05T05:25:53","date_gmt":"2020-08-05T05:25:53","guid":{"rendered":"https:\/\/bodegaoutdoor.cl\/store\/product\/guantes-de-seguridad-de-sierra-resistentes-a-cortes-duraderos-anti-cuchillo-para-supervivencia-cadena-de-guantes-nivel-5-guantes-de-proteccion-de-viaje-para-acampar\/"},"modified":"2023-05-04T19:19:32","modified_gmt":"2023-05-04T23:19:32","slug":"guantes-de-seguridad-de-sierra-resistentes-a-cortes-duraderos-anti-cuchillo-para-supervivencia-cadena-de-guantes-nivel-5-guantes-de-proteccion-de-viaje-para-acampar","status":"publish","type":"product","link":"https:\/\/bodegaoutdoor.cl\/store\/product\/guantes-de-seguridad-de-sierra-resistentes-a-cortes-duraderos-anti-cuchillo-para-supervivencia-cadena-de-guantes-nivel-5-guantes-de-proteccion-de-viaje-para-acampar\/","title":{"rendered":"Guantes de seguridad de Sierra resistentes a Cortes, duraderos, Anti-cuchillo, supervivencia, cadena de guantes, Nivel 5"},"content":{"rendered":"<div><strong>Duradera resistente a los cortes Anti-cuchillo caza supervivencia Cadena de guantes Saw guantes de seguridad nivel 5 guantes de viaje de protecci\u00f3n para Camping<\/strong><\/div>\n<p>Un par de guantes de seguridad de motosierra resistentes al corte, Nivel 5, Color Unico gris<br \/>\n<strong>Especificaciones:<\/strong><\/p>\n<p>\u00a1! Tama\u00f1o: S, M, L, XL<br \/>\n\u00a1! Material: polietileno de alta tenacidad (No t\u00f3xico)<br \/>\n\u00a1! Funci\u00f3n: resistente al corte, resistente a pu\u00f1aladas, anticuchillo, antiara\u00f1azos<br \/>\n\u00a1! Tama\u00f1o del producto: 25*14,5 cm<br \/>\n\u00a1! Peso del producto: 46g<br \/>\n\u00a1! Dimensiones del paquete: 17*27cm<br \/>\n\u00a1! Peso del paquete: 48g<\/p>\n<p><strong>Contenido del paquete:<\/strong><\/p>\n<p>. 1 par de guantes resistentes al corte<\/p>\n<p style=\"text-align: center;\"><video style=\"max-width: 100%;\" src=\"\/\/cloud.video.taobao.com\/play\/u\/4145172823\/p\/1\/e\/6\/t\/10301\/223947484607.mp4\" poster=\"https:\/\/ae01.alicdn.com\/kf\/H1864cac9c5aa4590bf02ca08003c2a20s\/Guantes-de-seguridad-de-Sierra-resistentes-a-Cortes-duraderos-Anti-cuchillo-para-supervivencia-cadena-de-guantes.jpg,https:\/\/ae01.alicdn.com\/kf\/He6f8352a4bef469b962396f0dac17281q\/Guantes-de-seguridad-de-Sierra-resistentes-a-Cortes-duraderos-Anti-cuchillo-para-supervivencia-cadena-de-guantes.jpg,https:\/\/ae01.alicdn.com\/kf\/H07c6c44a1bc54bed871d77cd110662a2P\/Guantes-de-seguridad-de-Sierra-resistentes-a-Cortes-duraderos-Anti-cuchillo-para-supervivencia-cadena-de-guantes.jpg,https:\/\/ae01.alicdn.com\/kf\/H062352f7340f4377aca315e946e5cd80Y\/Guantes-de-seguridad-de-Sierra-resistentes-a-Cortes-duraderos-Anti-cuchillo-para-supervivencia-cadena-de-guantes.jpg,https:\/\/ae01.alicdn.com\/kf\/H4a099fe6a3484215899a43b03b9f9de42\/Guantes-de-seguridad-de-Sierra-resistentes-a-Cortes-duraderos-Anti-cuchillo-para-supervivencia-cadena-de-guantes.jpg,https:\/\/ae01.alicdn.com\/kf\/H365b6c3f9a37496abc3d8811a24ffa95c\/Guantes-de-seguridad-de-Sierra-resistentes-a-Cortes-duraderos-Anti-cuchillo-para-supervivencia-cadena-de-guantes.jpg\" preload=\"auto\" controls=\"controls\" width=\"100%\" height=\"100%\"><\/video><\/p>\n<div>\n<div>\n<div>\n<div>\n<div><\/div>\n<div>\n<div>\n<div>\n<div style=\"margin-left: 1.6701461377871%; margin-top: -66.597077244259%; width: 22.755741127349%;\"><a href=\"\/\/www.aliexpress.com\/item\/detail\/32968064174.html\"><img decoding=\"async\" title=\"Guantes de seguridad de Sierra resistentes a Cortes, duraderos, Anti-cuchillo, para supervivencia, cadena de guantes, Nivel 5, guantes de protecci\u00f3n de viaje para acampar\" src=\"https:\/\/bodegaoutdoor.cl\/store\/wp-content\/uploads\/2020\/08\/9599-psvsfh.jpg\" alt=\"Guantes de seguridad de Sierra resistentes a Cortes, duraderos, Anti-cuchillo, para supervivencia, cadena de guantes, Nivel 5, guantes de protecci\u00f3n de viaje para acampar\" \/><\/a><\/div>\n<div style=\"margin-left: 26.304801670146%; margin-top: -30.27139874739%; width: 22.755741127349%;\"><a href=\"\/\/www.aliexpress.com\/item\/detail\/32975160391.html\"><img decoding=\"async\" title=\"Guantes de seguridad de Sierra resistentes a Cortes, duraderos, Anti-cuchillo, para supervivencia, cadena de guantes, Nivel 5, guantes de protecci\u00f3n de viaje para acampar\" src=\"https:\/\/bodegaoutdoor.cl\/store\/wp-content\/uploads\/2020\/08\/9599-psvsfh.jpg\" alt=\"Guantes de seguridad de Sierra resistentes a Cortes, duraderos, Anti-cuchillo, para supervivencia, cadena de guantes, Nivel 5, guantes de protecci\u00f3n de viaje para acampar\" \/><\/a><\/div>\n<div style=\"margin-left: 50.939457202505%; margin-top: -30.27139874739%; width: 22.755741127349%;\"><a href=\"\/\/www.aliexpress.com\/item\/detail\/32968188551.html\"><img decoding=\"async\" title=\"Guantes de seguridad de Sierra resistentes a Cortes, duraderos, Anti-cuchillo, para supervivencia, cadena de guantes, Nivel 5, guantes de protecci\u00f3n de viaje para acampar\" src=\"https:\/\/bodegaoutdoor.cl\/store\/wp-content\/uploads\/2020\/08\/9599-psvsfh.jpg\" alt=\"Guantes de seguridad de Sierra resistentes a Cortes, duraderos, Anti-cuchillo, para supervivencia, cadena de guantes, Nivel 5, guantes de protecci\u00f3n de viaje para acampar\" \/><\/a><\/div>\n<div style=\"margin-left: 75.574112734864%; margin-top: -30.27139874739%; width: 22.755741127349%;\"><a href=\"\/\/www.aliexpress.com\/item\/detail\/32970887262.html\"><img decoding=\"async\" title=\"Guantes de seguridad de Sierra resistentes a Cortes, duraderos, Anti-cuchillo, para supervivencia, cadena de guantes, Nivel 5, guantes de protecci\u00f3n de viaje para acampar\" src=\"https:\/\/bodegaoutdoor.cl\/store\/wp-content\/uploads\/2020\/08\/9599-psvsfh.jpg\" alt=\"Guantes de seguridad de Sierra resistentes a Cortes, duraderos, Anti-cuchillo, para supervivencia, cadena de guantes, Nivel 5, guantes de protecci\u00f3n de viaje para acampar\" \/><\/a><\/div>\n<div style=\"margin-left: 1.6701461377871%; margin-top: 1.8789144050104%; width: 22.755741127349%;\"><\/div>\n<div style=\"margin-left: 26.304801670146%; margin-top: -30.27139874739%; width: 22.755741127349%;\"><a href=\"\/\/www.aliexpress.com\/item\/detail\/32970225383.html\"><img decoding=\"async\" title=\"Guantes de seguridad de Sierra resistentes a Cortes, duraderos, Anti-cuchillo, para supervivencia, cadena de guantes, Nivel 5, guantes de protecci\u00f3n de viaje para acampar\" src=\"https:\/\/bodegaoutdoor.cl\/store\/wp-content\/uploads\/2020\/08\/9599-psvsfh.jpg\" alt=\"Guantes de seguridad de Sierra resistentes a Cortes, duraderos, Anti-cuchillo, para supervivencia, cadena de guantes, Nivel 5, guantes de protecci\u00f3n de viaje para acampar\" \/><\/a><\/div>\n<div style=\"margin-left: 50.939457202505%; margin-top: -30.27139874739%; width: 22.755741127349%;\"><a href=\"\/\/www.aliexpress.com\/item\/detail\/32978143049.html\"><img decoding=\"async\" title=\"Guantes de seguridad de Sierra resistentes a Cortes, duraderos, Anti-cuchillo, para supervivencia, cadena de guantes, Nivel 5, guantes de protecci\u00f3n de viaje para acampar\" src=\"https:\/\/bodegaoutdoor.cl\/store\/wp-content\/uploads\/2020\/08\/9599-psvsfh.jpg\" alt=\"Guantes de seguridad de Sierra resistentes a Cortes, duraderos, Anti-cuchillo, para supervivencia, cadena de guantes, Nivel 5, guantes de protecci\u00f3n de viaje para acampar\" \/><\/a><\/div>\n<div style=\"margin-left: 75.574112734864%; margin-top: -30.27139874739%; width: 22.755741127349%;\"><a href=\"\/\/www.aliexpress.com\/item\/detail\/32978269625.html\"><img decoding=\"async\" title=\"Guantes de seguridad de Sierra resistentes a Cortes, duraderos, Anti-cuchillo, para supervivencia, cadena de guantes, Nivel 5, guantes de protecci\u00f3n de viaje para acampar\" src=\"https:\/\/bodegaoutdoor.cl\/store\/wp-content\/uploads\/2020\/08\/9599-psvsfh.jpg\" alt=\"Guantes de seguridad de Sierra resistentes a Cortes, duraderos, Anti-cuchillo, para supervivencia, cadena de guantes, Nivel 5, guantes de protecci\u00f3n de viaje para acampar\" \/><\/a><\/div>\n<div style=\"margin-top: 4.1753653444676%; height: 0; width: 0;\"><\/div>\n<\/div>\n<div style=\"border: 0;\">\n<p>&nbsp;<\/p>\n<p><span style=\"font-family: Arial, Helvetica, sans-serif; font-size: 16px;\">\u00a0<\/span><\/p>\n<\/div>\n<p>&nbsp;<\/p>\n<\/div>\n<\/div>\n<p>&nbsp;<\/p>\n<div>\n<div>\n<div style=\"border: 0;\">\n<p><img decoding=\"async\" title=\"Guantes de seguridad de Sierra resistentes a Cortes, duraderos, Anti-cuchillo, para supervivencia, cadena de guantes, Nivel 5, guantes de protecci\u00f3n de viaje para acampar\" src=\"https:\/\/bodegaoutdoor.cl\/store\/wp-content\/uploads\/2020\/08\/9599-m5fynr.jpg\" alt=\"Guantes de seguridad de Sierra resistentes a Cortes, duraderos, Anti-cuchillo, para supervivencia, cadena de guantes, Nivel 5, guantes de protecci\u00f3n de viaje para acampar\" \/><\/p>\n<p><img decoding=\"async\" title=\"Guantes de seguridad de Sierra resistentes a Cortes, duraderos, Anti-cuchillo, para supervivencia, cadena de guantes, Nivel 5, guantes de protecci\u00f3n de viaje para acampar\" src=\"https:\/\/bodegaoutdoor.cl\/store\/wp-content\/uploads\/2020\/08\/9599-gl0xjz.jpg\" alt=\"Guantes de seguridad de Sierra resistentes a Cortes, duraderos, Anti-cuchillo, para supervivencia, cadena de guantes, Nivel 5, guantes de protecci\u00f3n de viaje para acampar\" \/><\/p>\n<p><img decoding=\"async\" title=\"Guantes de seguridad de Sierra resistentes a Cortes, duraderos, Anti-cuchillo, para supervivencia, cadena de guantes, Nivel 5, guantes de protecci\u00f3n de viaje para acampar\" src=\"https:\/\/bodegaoutdoor.cl\/store\/wp-content\/uploads\/2020\/08\/9599-6gewwo.jpg\" alt=\"Guantes de seguridad de Sierra resistentes a Cortes, duraderos, Anti-cuchillo, para supervivencia, cadena de guantes, Nivel 5, guantes de protecci\u00f3n de viaje para acampar\" \/><\/p>\n<p><img decoding=\"async\" title=\"Guantes de seguridad de Sierra resistentes a Cortes, duraderos, Anti-cuchillo, para supervivencia, cadena de guantes, Nivel 5, guantes de protecci\u00f3n de viaje para acampar\" src=\"https:\/\/bodegaoutdoor.cl\/store\/wp-content\/uploads\/2020\/08\/9599-yygi74.jpg\" alt=\"Guantes de seguridad de Sierra resistentes a Cortes, duraderos, Anti-cuchillo, para supervivencia, cadena de guantes, Nivel 5, guantes de protecci\u00f3n de viaje para acampar\" \/><\/p>\n<\/div>\n<div style=\"border: 1;\">\n<div style=\"border: 1;\">\n<div><\/div>\n<\/div>\n<\/div>\n<\/div>\n<\/div>\n<\/div>\n<\/div>\n<\/div>\n<\/div>\n\n    <div class=\"xs_social_share_widget xs_share_url after_content \t\tmain_content  wslu-style-1 wslu-share-box-shaped wslu-fill-colored wslu-none wslu-share-horizontal wslu-theme-font-no wslu-main_content\">\n\n\t\t\n        <ul>\n\t\t\t        <\/ul>\n    <\/div> \n","protected":false},"excerpt":{"rendered":"<div class=\"woocommerce-product-details__short-description\">\n<div class=\"woocommerce-product-details__short-description\">\n<div class=\"woocommerce-product-details__short-description\">\n<div class=\"woocommerce-product-details__short-description\">\n<div class=\"woocommerce-product-details__short-description\">\n<div class=\"woocommerce-product-details__short-description\">\n<div class=\"woocommerce-product-details__short-description\">\n<div class=\"woocommerce-product-details__short-description\">\n<div class=\"woocommerce-product-details__short-description\">\n<div class=\"woocommerce-product-details__short-description\">\n<div class=\"woocommerce-product-details__short-description\">\n<p><span style=\"color: #ff0000;\">PRECIO MAYOR M\u00cdNIMO 3 UNIDADES\u00a0 $ 5.000 c\/u<\/span><\/p>\n<\/div>\n<\/div>\n<\/div>\n<\/div>\n<\/div>\n<\/div>\n<\/div>\n<\/div>\n<\/div>\n<\/div>\n<p class=\"price\">\n<\/div>\n<p class=\"price\">\n","protected":false},"featured_media":9605,"comment_status":"open","ping_status":"closed","template":"","meta":{"jetpack_publicize_message":"","jetpack_publicize_feature_enabled":true,"jetpack_social_post_already_shared":true,"jetpack_social_options":{"image_generator_settings":{"template":"highway","enabled":false},"version":2}},"product_brand":[],"product_cat":[64,490],"product_tag":[2780,845],"class_list":{"0":"post-9599","1":"product","2":"type-product","3":"status-publish","4":"has-post-thumbnail","6":"product_cat-accessories","7":"product_cat-guantes","8":"product_tag-anticorte","9":"product_tag-guantes","11":"first","12":"instock","13":"sale","14":"taxable","15":"shipping-taxable","16":"purchasable","17":"product-type-variable"},"jetpack_publicize_connections":[],"jetpack_sharing_enabled":true,"_links":{"self":[{"href":"https:\/\/bodegaoutdoor.cl\/store\/wp-json\/wp\/v2\/product\/9599","targetHints":{"allow":["GET"]}}],"collection":[{"href":"https:\/\/bodegaoutdoor.cl\/store\/wp-json\/wp\/v2\/product"}],"about":[{"href":"https:\/\/bodegaoutdoor.cl\/store\/wp-json\/wp\/v2\/types\/product"}],"replies":[{"embeddable":true,"href":"https:\/\/bodegaoutdoor.cl\/store\/wp-json\/wp\/v2\/comments?post=9599"}],"version-history":[{"count":2,"href":"https:\/\/bodegaoutdoor.cl\/store\/wp-json\/wp\/v2\/product\/9599\/revisions"}],"predecessor-version":[{"id":71303,"href":"https:\/\/bodegaoutdoor.cl\/store\/wp-json\/wp\/v2\/product\/9599\/revisions\/71303"}],"wp:featuredmedia":[{"embeddable":true,"href":"https:\/\/bodegaoutdoor.cl\/store\/wp-json\/wp\/v2\/media\/9605"}],"wp:attachment":[{"href":"https:\/\/bodegaoutdoor.cl\/store\/wp-json\/wp\/v2\/media?parent=9599"}],"wp:term":[{"taxonomy":"product_brand","embeddable":true,"href":"https:\/\/bodegaoutdoor.cl\/store\/wp-json\/wp\/v2\/product_brand?post=9599"},{"taxonomy":"product_cat","embeddable":true,"href":"https:\/\/bodegaoutdoor.cl\/store\/wp-json\/wp\/v2\/product_cat?post=9599"},{"taxonomy":"product_tag","embeddable":true,"href":"https:\/\/bodegaoutdoor.cl\/store\/wp-json\/wp\/v2\/product_tag?post=9599"}],"curies":[{"name":"wp","href":"https:\/\/api.w.org\/{rel}","templated":true}]}}