{"id":9844,"date":"2020-08-05T06:07:06","date_gmt":"2020-08-05T06:07:06","guid":{"rendered":"https:\/\/bodegaoutdoor.cl\/store\/product\/gafas-de-sol-polarizadas-aoron-para-hombre-y-mujer-gafas-de-sol-clasicas-con-espejo-para-conducir-al-aire-libre-para-hombre-gafas-con-armazon-de-metal-uv400\/"},"modified":"2023-05-04T19:19:31","modified_gmt":"2023-05-04T23:19:31","slug":"gafas-de-sol-polarizadas-aoron-para-hombre-y-mujer-gafas-de-sol-clasicas-con-espejo-para-conducir-al-aire-libre-para-hombre-gafas-con-armazon-de-metal-uv400","status":"publish","type":"product","link":"https:\/\/bodegaoutdoor.cl\/store\/product\/gafas-de-sol-polarizadas-aoron-para-hombre-y-mujer-gafas-de-sol-clasicas-con-espejo-para-conducir-al-aire-libre-para-hombre-gafas-con-armazon-de-metal-uv400\/","title":{"rendered":"Gafas de sol polarizadas Aoron para unisex, outdoor con armaz\u00f3n de Metal UV400"},"content":{"rendered":"<p style=\"text-align: center;\"><video style=\"max-width: 100%;\" src=\"\/\/cloud.video.taobao.com\/play\/u\/3011632206\/p\/1\/e\/6\/t\/10301\/270505454850.mp4\" poster=\"https:\/\/ae01.alicdn.com\/kf\/HTB13buEN9zqK1RjSZFLq6An2XXaA\/Gafas-de-sol-polarizadas-Aoron-para-hombre-y-mujer-gafas-de-sol-cl-sicas-con-espejo.jpg,https:\/\/ae01.alicdn.com\/kf\/HTB1swySN7voK1RjSZFwq6AiCFXas\/Gafas-de-sol-polarizadas-Aoron-para-hombre-y-mujer-gafas-de-sol-cl-sicas-con-espejo.jpg,https:\/\/ae01.alicdn.com\/kf\/H5cb6e1384ad440808072ad0f77d80109K\/Gafas-de-sol-polarizadas-Aoron-para-hombre-y-mujer-gafas-de-sol-cl-sicas-con-espejo.jpg,https:\/\/ae01.alicdn.com\/kf\/HTB1Je7fXYH1gK0jSZFwq6A7aXXah\/Gafas-de-sol-polarizadas-Aoron-para-hombre-y-mujer-gafas-de-sol-cl-sicas-con-espejo.jpg,https:\/\/ae01.alicdn.com\/kf\/HTB1jpn_hTZmx1VjSZFGq6yx2XXaS\/Gafas-de-sol-polarizadas-Aoron-para-hombre-y-mujer-gafas-de-sol-cl-sicas-con-espejo.jpg,https:\/\/ae01.alicdn.com\/kf\/H3e3cdaf8741249c0a6d358b01f21a642g\/Gafas-de-sol-polarizadas-Aoron-para-hombre-y-mujer-gafas-de-sol-cl-sicas-con-espejo.jpg\" preload=\"auto\" controls=\"controls\" width=\"100%\" height=\"100%\"><\/video><\/p>\n<div><\/div>\n<div>\n<p style=\"font-family: 'OpenSans'; color: #000; font-weight: 300; font-size: 14px; line-height: 20px; margin-bottom: 12px;\">Totalmente a estrenar y de alta calidad.<\/p>\n<\/div>\n<div>\n<p style=\"font-family: 'OpenSans'; color: #000; font-weight: 300; font-size: 14px; line-height: 20px; margin-bottom: 12px;\">Material de la lente: lentes polarizados TAC.<\/p>\n<\/div>\n<div>\n<p style=\"font-family: 'OpenSans'; color: #000; font-weight: 300; font-size: 14px; line-height: 20px; margin-bottom: 12px;\">Material de las patas del espejo: Metal<\/p>\n<\/div>\n<div>\n<p style=\"font-family: 'OpenSans'; color: #000; font-weight: 300; font-size: 14px; line-height: 20px; margin-bottom: 12px;\">\u00cdndice de perspectiva Visible: 99 (%).<\/p>\n<\/div>\n<div>\n<p style=\"font-family: 'OpenSans'; color: #000; font-weight: 300; font-size: 14px; line-height: 20px; margin-bottom: 12px;\">Nivel Anti-UV: protecci\u00f3n UV UV400 100%.<\/p>\n<\/div>\n<div>\n<p style=\"font-family: 'OpenSans'; color: #000; font-weight: 300; font-size: 14px; line-height: 20px; margin-bottom: 12px;\">Gafas polarizadas: est\u00e1n polatizadas.<\/p>\n<\/div>\n<div>\n<p style=\"font-family: 'OpenSans'; color: #000; font-weight: 300; font-size: 14px; line-height: 20px; margin-bottom: 12px;\">Peso: aproximadamente 26g.<\/p>\n<\/div>\n<div>\n<p style=\"font-family: 'OpenSans'; color: #000; font-weight: 300; font-size: 14px; line-height: 20px; margin-bottom: 12px;\">Ancho de la lente: aprox. 65mm.<\/p>\n<\/div>\n<div>\n<p style=\"font-family: 'OpenSans'; color: #000; font-weight: 300; font-size: 14px; line-height: 20px; margin-bottom: 12px;\">Altura de la lente: aprox. 37mm<\/p>\n<\/div>\n<div>\n<p style=\"font-family: 'OpenSans'; color: #000; font-weight: 300; font-size: 14px; line-height: 20px; margin-bottom: 12px;\">Anchura del puente: aprox. 20mm.<\/p>\n<\/div>\n<div>\n<p style=\"font-family: 'OpenSans'; color: #000; font-weight: 300; font-size: 14px; line-height: 20px; margin-bottom: 12px;\">Ancho de la montura: aprox. 140mm.<\/p>\n<\/div>\n<div>\n<p style=\"font-family: 'OpenSans'; color: #000; font-weight: 300; font-size: 14px; line-height: 20px; margin-bottom: 12px;\">Longitud de las patas: aprox. 133mm.<\/p>\n<\/div>\n<div><\/div>\n<div><img decoding=\"async\" style=\"margin-bottom: 10px;\" title=\"Gafas de sol polarizadas Aoron para hombre y mujer, gafas de sol cl\u00e1sicas con espejo para conducir al aire libre para hombre, gafas con armaz\u00f3n de Metal UV400\" src=\"https:\/\/bodegaoutdoor.cl\/store\/wp-content\/uploads\/2020\/08\/9844-ihnsnx.jpg\" alt=\"Gafas de sol polarizadas Aoron para hombre y mujer, gafas de sol cl\u00e1sicas con espejo para conducir al aire libre para hombre, gafas con armaz\u00f3n de Metal UV400\" \/><\/div>\n<div>\n<p style=\"font-family: 'OpenSans'; color: #000; font-weight: 900; font-size: 20px; line-height: 28px; margin-bottom: 12px;\">Si necesita funda para las gafas, c\u00f3mprela por separado<\/p>\n<p style=\"font-family: 'OpenSans'; color: #000; font-weight: 300; font-size: 14px; line-height: 20px; margin-bottom: 12px;\">Https:\/\/www.aliexpress.com\/item\/32850594102.html<\/p>\n<\/div>\n<div><a href=\"\/\/www.aliexpress.com\/item\/32850594102.html\"><img decoding=\"async\" style=\"margin-bottom: 10px;\" title=\"Gafas de sol polarizadas Aoron para hombre y mujer, gafas de sol cl\u00e1sicas con espejo para conducir al aire libre para hombre, gafas con armaz\u00f3n de Metal UV400\" src=\"https:\/\/bodegaoutdoor.cl\/store\/wp-content\/uploads\/2020\/08\/9844-ju2ujv.jpg\" alt=\"Gafas de sol polarizadas Aoron para hombre y mujer, gafas de sol cl\u00e1sicas con espejo para conducir al aire libre para hombre, gafas con armaz\u00f3n de Metal UV400\" \/><\/a><\/div>\n<div><img decoding=\"async\" style=\"margin-bottom: 10px;\" title=\"Gafas de sol polarizadas Aoron para hombre y mujer, gafas de sol cl\u00e1sicas con espejo para conducir al aire libre para hombre, gafas con armaz\u00f3n de Metal UV400\" src=\"https:\/\/bodegaoutdoor.cl\/store\/wp-content\/uploads\/2020\/08\/9844-e9x2wa.jpg\" alt=\"Gafas de sol polarizadas Aoron para hombre y mujer, gafas de sol cl\u00e1sicas con espejo para conducir al aire libre para hombre, gafas con armaz\u00f3n de Metal UV400\" \/><img decoding=\"async\" style=\"margin-bottom: 10px;\" title=\"Gafas de sol polarizadas Aoron para hombre y mujer, gafas de sol cl\u00e1sicas con espejo para conducir al aire libre para hombre, gafas con armaz\u00f3n de Metal UV400\" src=\"https:\/\/bodegaoutdoor.cl\/store\/wp-content\/uploads\/2020\/08\/9844-ulcc7h.jpg\" alt=\"Gafas de sol polarizadas Aoron para hombre y mujer, gafas de sol cl\u00e1sicas con espejo para conducir al aire libre para hombre, gafas con armaz\u00f3n de Metal UV400\" \/><img decoding=\"async\" title=\"Gafas de sol polarizadas Aoron para hombre y mujer, gafas de sol cl\u00e1sicas con espejo para conducir al aire libre para hombre, gafas con armaz\u00f3n de Metal UV400\" src=\"https:\/\/bodegaoutdoor.cl\/store\/wp-content\/uploads\/2020\/08\/9844-2drcs9.jpg\" alt=\"Gafas de sol polarizadas Aoron para hombre y mujer, gafas de sol cl\u00e1sicas con espejo para conducir al aire libre para hombre, gafas con armaz\u00f3n de Metal UV400\" \/><\/div>\n<div><img decoding=\"async\" title=\"Gafas de sol polarizadas Aoron para hombre y mujer, gafas de sol cl\u00e1sicas con espejo para conducir al aire libre para hombre, gafas con armaz\u00f3n de Metal UV400\" src=\"https:\/\/bodegaoutdoor.cl\/store\/wp-content\/uploads\/2020\/08\/9844-ycwnxn.jpg\" alt=\"Gafas de sol polarizadas Aoron para hombre y mujer, gafas de sol cl\u00e1sicas con espejo para conducir al aire libre para hombre, gafas con armaz\u00f3n de Metal UV400\" \/><\/div>\n<div><img decoding=\"async\" title=\"Gafas de sol polarizadas Aoron para hombre y mujer, gafas de sol cl\u00e1sicas con espejo para conducir al aire libre para hombre, gafas con armaz\u00f3n de Metal UV400\" src=\"https:\/\/bodegaoutdoor.cl\/store\/wp-content\/uploads\/2020\/08\/9844-qhubwl.jpg\" alt=\"Gafas de sol polarizadas Aoron para hombre y mujer, gafas de sol cl\u00e1sicas con espejo para conducir al aire libre para hombre, gafas con armaz\u00f3n de Metal UV400\" \/><\/div>\n<div><img decoding=\"async\" title=\"Gafas de sol polarizadas Aoron para hombre y mujer, gafas de sol cl\u00e1sicas con espejo para conducir al aire libre para hombre, gafas con armaz\u00f3n de Metal UV400\" src=\"https:\/\/bodegaoutdoor.cl\/store\/wp-content\/uploads\/2020\/08\/9844-ycnimh.jpg\" alt=\"Gafas de sol polarizadas Aoron para hombre y mujer, gafas de sol cl\u00e1sicas con espejo para conducir al aire libre para hombre, gafas con armaz\u00f3n de Metal UV400\" \/><\/div>\n<div><img decoding=\"async\" title=\"Gafas de sol polarizadas Aoron para hombre y mujer, gafas de sol cl\u00e1sicas con espejo para conducir al aire libre para hombre, gafas con armaz\u00f3n de Metal UV400\" src=\"https:\/\/bodegaoutdoor.cl\/store\/wp-content\/uploads\/2020\/08\/9844-92zfmc.jpg\" alt=\"Gafas de sol polarizadas Aoron para hombre y mujer, gafas de sol cl\u00e1sicas con espejo para conducir al aire libre para hombre, gafas con armaz\u00f3n de Metal UV400\" \/><\/div>\n<div><img decoding=\"async\" title=\"Gafas de sol polarizadas Aoron para hombre y mujer, gafas de sol cl\u00e1sicas con espejo para conducir al aire libre para hombre, gafas con armaz\u00f3n de Metal UV400\" src=\"https:\/\/bodegaoutdoor.cl\/store\/wp-content\/uploads\/2020\/08\/9844-e1gpty.jpg\" alt=\"Gafas de sol polarizadas Aoron para hombre y mujer, gafas de sol cl\u00e1sicas con espejo para conducir al aire libre para hombre, gafas con armaz\u00f3n de Metal UV400\" \/><\/div>\n<div><img decoding=\"async\" title=\"Gafas de sol polarizadas Aoron para hombre y mujer, gafas de sol cl\u00e1sicas con espejo para conducir al aire libre para hombre, gafas con armaz\u00f3n de Metal UV400\" src=\"https:\/\/bodegaoutdoor.cl\/store\/wp-content\/uploads\/2020\/08\/9844-ta6ma5.jpg\" alt=\"Gafas de sol polarizadas Aoron para hombre y mujer, gafas de sol cl\u00e1sicas con espejo para conducir al aire libre para hombre, gafas con armaz\u00f3n de Metal UV400\" \/><\/div>\n<div><img decoding=\"async\" title=\"Gafas de sol polarizadas Aoron para hombre y mujer, gafas de sol cl\u00e1sicas con espejo para conducir al aire libre para hombre, gafas con armaz\u00f3n de Metal UV400\" src=\"https:\/\/bodegaoutdoor.cl\/store\/wp-content\/uploads\/2020\/08\/9844-zv2esh.jpg\" alt=\"Gafas de sol polarizadas Aoron para hombre y mujer, gafas de sol cl\u00e1sicas con espejo para conducir al aire libre para hombre, gafas con armaz\u00f3n de Metal UV400\" \/><\/div>\n<div><img decoding=\"async\" title=\"Gafas de sol polarizadas Aoron para hombre y mujer, gafas de sol cl\u00e1sicas con espejo para conducir al aire libre para hombre, gafas con armaz\u00f3n de Metal UV400\" src=\"https:\/\/bodegaoutdoor.cl\/store\/wp-content\/uploads\/2020\/08\/9844-teulgw.jpg\" alt=\"Gafas de sol polarizadas Aoron para hombre y mujer, gafas de sol cl\u00e1sicas con espejo para conducir al aire libre para hombre, gafas con armaz\u00f3n de Metal UV400\" \/><\/div>\n<div><img decoding=\"async\" title=\"Gafas de sol polarizadas Aoron para hombre y mujer, gafas de sol cl\u00e1sicas con espejo para conducir al aire libre para hombre, gafas con armaz\u00f3n de Metal UV400\" src=\"https:\/\/bodegaoutdoor.cl\/store\/wp-content\/uploads\/2020\/08\/9844-lr6wto.jpg\" alt=\"Gafas de sol polarizadas Aoron para hombre y mujer, gafas de sol cl\u00e1sicas con espejo para conducir al aire libre para hombre, gafas con armaz\u00f3n de Metal UV400\" \/><\/div>\n<div><img decoding=\"async\" title=\"Gafas de sol polarizadas Aoron para hombre y mujer, gafas de sol cl\u00e1sicas con espejo para conducir al aire libre para hombre, gafas con armaz\u00f3n de Metal UV400\" src=\"https:\/\/bodegaoutdoor.cl\/store\/wp-content\/uploads\/2020\/08\/9844-ctyk9q.jpg\" alt=\"Gafas de sol polarizadas Aoron para hombre y mujer, gafas de sol cl\u00e1sicas con espejo para conducir al aire libre para hombre, gafas con armaz\u00f3n de Metal UV400\" \/><\/div>\n<div><img decoding=\"async\" title=\"Gafas de sol polarizadas Aoron para hombre y mujer, gafas de sol cl\u00e1sicas con espejo para conducir al aire libre para hombre, gafas con armaz\u00f3n de Metal UV400\" src=\"https:\/\/bodegaoutdoor.cl\/store\/wp-content\/uploads\/2020\/08\/9844-rbu3pq.jpg\" alt=\"Gafas de sol polarizadas Aoron para hombre y mujer, gafas de sol cl\u00e1sicas con espejo para conducir al aire libre para hombre, gafas con armaz\u00f3n de Metal UV400\" \/><\/div>\n<div><img decoding=\"async\" title=\"Gafas de sol polarizadas Aoron para hombre y mujer, gafas de sol cl\u00e1sicas con espejo para conducir al aire libre para hombre, gafas con armaz\u00f3n de Metal UV400\" src=\"https:\/\/bodegaoutdoor.cl\/store\/wp-content\/uploads\/2020\/08\/9844-uqcj0t.jpg\" alt=\"Gafas de sol polarizadas Aoron para hombre y mujer, gafas de sol cl\u00e1sicas con espejo para conducir al aire libre para hombre, gafas con armaz\u00f3n de Metal UV400\" \/><\/div>\n<div>\n<p style=\"font-family: 'OpenSans'; color: #000; font-weight: 300; font-size: 14px; line-height: 20px; margin-bottom: 12px;\">\n<\/div>\n<div>\n<p style=\"font-family: 'OpenSans'; color: #000; font-weight: 300; font-size: 14px; line-height: 20px; margin-bottom: 12px;\">\n<\/div>\n<div><img decoding=\"async\" title=\"Gafas de sol polarizadas Aoron para hombre y mujer, gafas de sol cl\u00e1sicas con espejo para conducir al aire libre para hombre, gafas con armaz\u00f3n de Metal UV400\" src=\"https:\/\/bodegaoutdoor.cl\/store\/wp-content\/uploads\/2020\/08\/9844-ol3srh.jpg\" alt=\"Gafas de sol polarizadas Aoron para hombre y mujer, gafas de sol cl\u00e1sicas con espejo para conducir al aire libre para hombre, gafas con armaz\u00f3n de Metal UV400\" \/><\/div>\n<div><img decoding=\"async\" title=\"Gafas de sol polarizadas Aoron para hombre y mujer, gafas de sol cl\u00e1sicas con espejo para conducir al aire libre para hombre, gafas con armaz\u00f3n de Metal UV400\" src=\"https:\/\/bodegaoutdoor.cl\/store\/wp-content\/uploads\/2020\/08\/9844-ppr5ar.jpg\" alt=\"Gafas de sol polarizadas Aoron para hombre y mujer, gafas de sol cl\u00e1sicas con espejo para conducir al aire libre para hombre, gafas con armaz\u00f3n de Metal UV400\" \/><\/div>\n<div><img decoding=\"async\" title=\"Gafas de sol polarizadas Aoron para hombre y mujer, gafas de sol cl\u00e1sicas con espejo para conducir al aire libre para hombre, gafas con armaz\u00f3n de Metal UV400\" src=\"https:\/\/bodegaoutdoor.cl\/store\/wp-content\/uploads\/2020\/08\/9844-17yh6k.jpg\" alt=\"Gafas de sol polarizadas Aoron para hombre y mujer, gafas de sol cl\u00e1sicas con espejo para conducir al aire libre para hombre, gafas con armaz\u00f3n de Metal UV400\" \/><\/div>\n<div><img decoding=\"async\" title=\"Gafas de sol polarizadas Aoron para hombre y mujer, gafas de sol cl\u00e1sicas con espejo para conducir al aire libre para hombre, gafas con armaz\u00f3n de Metal UV400\" src=\"https:\/\/bodegaoutdoor.cl\/store\/wp-content\/uploads\/2020\/08\/9844-rvlu5j.jpg\" alt=\"Gafas de sol polarizadas Aoron para hombre y mujer, gafas de sol cl\u00e1sicas con espejo para conducir al aire libre para hombre, gafas con armaz\u00f3n de Metal UV400\" \/><\/div>\n\n    <div class=\"xs_social_share_widget xs_share_url after_content \t\tmain_content  wslu-style-1 wslu-share-box-shaped wslu-fill-colored wslu-none wslu-share-horizontal wslu-theme-font-no wslu-main_content\">\n\n\t\t\n        <ul>\n\t\t\t        <\/ul>\n    <\/div> \n","protected":false},"excerpt":{"rendered":"<p>Totalmente a estrenar y de alta calidad. Material de la lente: lentes polarizados TAC. Material de las patas del espejo: Metal \u00cdndice de perspectiva Visible: 99 (%). Nivel Anti-UV: protecci\u00f3n UV UV400 100%. Gafas polarizadas: est\u00e1n polatizadas. Peso: aproximadamente 26g. Ancho de la lente: aprox. 65mm. Altura de la lente: aprox. 37mm Anchura del puente: [&hellip;]<\/p>\n","protected":false},"featured_media":9852,"comment_status":"open","ping_status":"closed","template":"","meta":{"jetpack_publicize_message":"","jetpack_publicize_feature_enabled":true,"jetpack_social_post_already_shared":true,"jetpack_social_options":{"image_generator_settings":{"template":"highway","enabled":false},"version":2}},"product_brand":[],"product_cat":[38],"product_tag":[],"class_list":{"0":"post-9844","1":"product","2":"type-product","3":"status-publish","4":"has-post-thumbnail","6":"product_cat-lentes","8":"first","9":"instock","10":"sale","11":"taxable","12":"shipping-taxable","13":"purchasable","14":"product-type-variable"},"jetpack_publicize_connections":[],"jetpack_sharing_enabled":true,"_links":{"self":[{"href":"https:\/\/bodegaoutdoor.cl\/store\/wp-json\/wp\/v2\/product\/9844","targetHints":{"allow":["GET"]}}],"collection":[{"href":"https:\/\/bodegaoutdoor.cl\/store\/wp-json\/wp\/v2\/product"}],"about":[{"href":"https:\/\/bodegaoutdoor.cl\/store\/wp-json\/wp\/v2\/types\/product"}],"replies":[{"embeddable":true,"href":"https:\/\/bodegaoutdoor.cl\/store\/wp-json\/wp\/v2\/comments?post=9844"}],"version-history":[{"count":3,"href":"https:\/\/bodegaoutdoor.cl\/store\/wp-json\/wp\/v2\/product\/9844\/revisions"}],"predecessor-version":[{"id":63893,"href":"https:\/\/bodegaoutdoor.cl\/store\/wp-json\/wp\/v2\/product\/9844\/revisions\/63893"}],"wp:featuredmedia":[{"embeddable":true,"href":"https:\/\/bodegaoutdoor.cl\/store\/wp-json\/wp\/v2\/media\/9852"}],"wp:attachment":[{"href":"https:\/\/bodegaoutdoor.cl\/store\/wp-json\/wp\/v2\/media?parent=9844"}],"wp:term":[{"taxonomy":"product_brand","embeddable":true,"href":"https:\/\/bodegaoutdoor.cl\/store\/wp-json\/wp\/v2\/product_brand?post=9844"},{"taxonomy":"product_cat","embeddable":true,"href":"https:\/\/bodegaoutdoor.cl\/store\/wp-json\/wp\/v2\/product_cat?post=9844"},{"taxonomy":"product_tag","embeddable":true,"href":"https:\/\/bodegaoutdoor.cl\/store\/wp-json\/wp\/v2\/product_tag?post=9844"}],"curies":[{"name":"wp","href":"https:\/\/api.w.org\/{rel}","templated":true}]}}